{"id":784,"date":"2025-07-14T12:33:09","date_gmt":"2025-07-14T10:33:09","guid":{"rendered":"https:\/\/gardarelais.demosmartsite.com\/?page_id=784"},"modified":"2025-07-15T10:19:25","modified_gmt":"2025-07-15T08:19:25","slug":"mincio-radweg-2","status":"publish","type":"page","link":"https:\/\/gardarelais.demosmartsite.com\/de\/mit-dem-fahrrad-erkunden\/mincio-radweg-2\/","title":{"rendered":"Mincio-Radweg"},"content":{"rendered":"<section class=\"bde-section-784-100 bde-section\">\n              \n  \n  \n\t\n\n  <div class=\"section-background-overlay\"><\/div>\n\n\n<div class=\"section-container\"><h1 class=\"bde-heading-784-101 bde-heading\">\n* Mincio-Radweg\n<\/h1><div class=\"bde-text-784-102 bde-text\">\nEine Route, die die Vielfalt des Mincio-Gebietes einbezieht und einzigartige Emotionen bietet.\n<\/div><\/div>\n<\/section><section class=\"bde-section-784-103 bde-section\">\n  \n  \n\t\n\n\n\n<div class=\"section-container\"><div class=\"bde-columns-784-104 bde-columns\"><div class=\"bde-column-784-105 bde-column\">\n  \n  \n\t\n\n\n\n<h4 class=\"bde-heading-784-106 bde-heading\">\nRadfahren im Herzen des Flussparks des Mincio.\n<\/h4><div class=\"bde-text-784-107 bde-text\">\nDiese Route, die vor allem f\u00fcr MTB-Fans gedacht ist (aber auch mit einem Schotterrad lohnend sein kann), verl\u00e4uft im Abschnitt von Peschiera nach Borghetto auf einem fast vollst\u00e4ndig unbefestigten Weg.<br><br>Es handelt sich um eine Strecke von insgesamt etwa 50 km, die jedoch flexibel gestaltet werden kann, so dass sie auch f\u00fcr Familien mit Kindern oder f\u00fcr diejenigen, die die Strecke verl\u00e4ngern m\u00f6chten, geeignet ist.<br><br>Sie k\u00f6nnen einen Abstecher in benachbarte D\u00f6rfer wie Castellaro Lagusello oder Volta Mantovana machen und so die verborgenen Sch\u00e4tze dieser Region kennen lernen.<br><br>Eine Alternative ist die Fortsetzung der Route von Borghetto bis zum Gartenpark Sigurt\u00e0, mit der M\u00f6glichkeit einer Rast im Park.<br><br>Sie fahren durch: Col\u00e0 - Pacengo - Peschiera del Garda - Littorina Sul Mincio - Borghetto sul Mincio\n<\/div><div class=\"bde-grid-784-108 bde-grid\">\n  \n  \n\t\n\n\n\n<div class=\"bde-image-box-784-109 bde-image-box\">\n<div class=\"ee-imagebox-image\">\n  <img loading=\"lazy\" decoding=\"async\" class=\"breakdance-image-object\" src=\"https:\/\/gardarelais.demosmartsite.com\/wp-content\/uploads\/2025\/07\/itinerario.webp\" width=\"330\" height=\"194\" srcset=\"https:\/\/gardarelais.demosmartsite.com\/wp-content\/uploads\/2025\/07\/itinerario.webp 330w, https:\/\/gardarelais.demosmartsite.com\/wp-content\/uploads\/2025\/07\/itinerario-300x176.webp 300w, https:\/\/gardarelais.demosmartsite.com\/wp-content\/uploads\/2025\/07\/itinerario-18x12.webp 18w\" sizes=\"auto, (max-width: 330px) 100vw, 330px\">\n<\/div>\n<div class=\"ee-imagebox-content\">\n      <p class=\"ee-imagebox-title bde-h3\" >ITINERAR<\/p>\n    \n      <div class=\"ee-imagebox-text\" >50 km Hin- und R\u00fcckfahrt<\/div>\n    \n  <\/div>\n\n<\/div><div class=\"bde-image-box-784-110 bde-image-box\">\n<div class=\"ee-imagebox-image\">\n  <img loading=\"lazy\" decoding=\"async\" class=\"breakdance-image-object\" src=\"https:\/\/gardarelais.demosmartsite.com\/wp-content\/uploads\/2025\/07\/difficolta.webp\" width=\"314\" height=\"258\" srcset=\"https:\/\/gardarelais.demosmartsite.com\/wp-content\/uploads\/2025\/07\/difficolta.webp 314w, https:\/\/gardarelais.demosmartsite.com\/wp-content\/uploads\/2025\/07\/difficolta-300x246.webp 300w, https:\/\/gardarelais.demosmartsite.com\/wp-content\/uploads\/2025\/07\/difficolta-15x12.webp 15w\" sizes=\"auto, (max-width: 314px) 100vw, 314px\">\n<\/div>\n<div class=\"ee-imagebox-content\">\n      <p class=\"ee-imagebox-title bde-h3\" >DIFFICULTY<\/p>\n    \n      <div class=\"ee-imagebox-text\" >Einfach<\/div>\n    \n  <\/div>\n\n<\/div><div class=\"bde-image-box-784-111 bde-image-box\">\n<div class=\"ee-imagebox-image\">\n  <img loading=\"lazy\" decoding=\"async\" class=\"breakdance-image-object\" src=\"https:\/\/gardarelais.demosmartsite.com\/wp-content\/uploads\/2025\/07\/panorami.webp\" width=\"376\" height=\"300\" srcset=\"https:\/\/gardarelais.demosmartsite.com\/wp-content\/uploads\/2025\/07\/panorami.webp 376w, https:\/\/gardarelais.demosmartsite.com\/wp-content\/uploads\/2025\/07\/panorami-300x239.webp 300w, https:\/\/gardarelais.demosmartsite.com\/wp-content\/uploads\/2025\/07\/panorami-15x12.webp 15w\" sizes=\"auto, (max-width: 376px) 100vw, 376px\">\n<\/div>\n<div class=\"ee-imagebox-content\">\n      <p class=\"ee-imagebox-title bde-h3\" >PANORAMOS<\/p>\n    \n      <div class=\"ee-imagebox-text\" >\u2605\u2605\u2605\u2605<\/div>\n    \n  <\/div>\n\n<\/div>\n<\/div>\n<\/div><div class=\"bde-column-784-112 bde-column\" data-entrance=\"slideUp\">\n  \n  \n\t\n\n\n\n\n<\/div><\/div><div class=\"bde-gallery-784-113 bde-gallery\">\n\n\n  \n\n\n\n\n\n\n\n\n\n\n<div class=\"ee-gallery ee-gallery--default ee-gallery--grid ee-gallery--single ee-gallery--lightbox ee-gallery-- ee-gallery--caption- ee-gallery--caption-none ee-gallery--ratio\">\n                  \n      <a class=\"ee-gallery-item ee-gallery-item--image ee-gallery-item--single\" href=\"https:\/\/gardarelais.demosmartsite.com\/wp-content\/uploads\/2025\/07\/mincio-2.webp\"  data-sub-html=\"<span><\/span>\" data-category=\"1\"                  data-lg-size=\"500-500\"\n\n      >\n        <figure class=\"ee-gallery-item-figure\">\n                        <img decoding=\"async\" class=\"breakdance-image-object\" src=\"https:\/\/gardarelais.demosmartsite.com\/wp-content\/uploads\/2025\/07\/mincio-2.webp\" width=\"500\" height=\"500\" srcset=\"https:\/\/gardarelais.demosmartsite.com\/wp-content\/uploads\/2025\/07\/mincio-2.webp 500w, https:\/\/gardarelais.demosmartsite.com\/wp-content\/uploads\/2025\/07\/mincio-2-300x300.webp 300w, https:\/\/gardarelais.demosmartsite.com\/wp-content\/uploads\/2025\/07\/mincio-2-150x150.webp 150w, https:\/\/gardarelais.demosmartsite.com\/wp-content\/uploads\/2025\/07\/mincio-2-12x12.webp 12w\" sizes=\"auto, (max-width: 500px) 100vw, 500px\" loading=\"lazy\">\n          \n                  <\/figure>\n      <\/a>\n\n                \n      <a class=\"ee-gallery-item ee-gallery-item--image ee-gallery-item--single\" href=\"https:\/\/gardarelais.demosmartsite.com\/wp-content\/uploads\/2025\/07\/mincio-1.webp\"  data-sub-html=\"<span><\/span>\" data-category=\"1\"                  data-lg-size=\"500-500\"\n\n      >\n        <figure class=\"ee-gallery-item-figure\">\n                        <img decoding=\"async\" class=\"breakdance-image-object\" src=\"https:\/\/gardarelais.demosmartsite.com\/wp-content\/uploads\/2025\/07\/mincio-1.webp\" width=\"500\" height=\"500\" srcset=\"https:\/\/gardarelais.demosmartsite.com\/wp-content\/uploads\/2025\/07\/mincio-1.webp 500w, https:\/\/gardarelais.demosmartsite.com\/wp-content\/uploads\/2025\/07\/mincio-1-300x300.webp 300w, https:\/\/gardarelais.demosmartsite.com\/wp-content\/uploads\/2025\/07\/mincio-1-150x150.webp 150w, https:\/\/gardarelais.demosmartsite.com\/wp-content\/uploads\/2025\/07\/mincio-1-12x12.webp 12w\" sizes=\"auto, (max-width: 500px) 100vw, 500px\" loading=\"lazy\">\n          \n                  <\/figure>\n      <\/a>\n\n                \n      <a class=\"ee-gallery-item ee-gallery-item--image ee-gallery-item--single\" href=\"https:\/\/gardarelais.demosmartsite.com\/wp-content\/uploads\/2025\/07\/mincio-3.webp\"  data-sub-html=\"<span><\/span>\" data-category=\"1\"                  data-lg-size=\"500-500\"\n\n      >\n        <figure class=\"ee-gallery-item-figure\">\n                        <img decoding=\"async\" class=\"breakdance-image-object\" src=\"https:\/\/gardarelais.demosmartsite.com\/wp-content\/uploads\/2025\/07\/mincio-3.webp\" width=\"500\" height=\"500\" srcset=\"https:\/\/gardarelais.demosmartsite.com\/wp-content\/uploads\/2025\/07\/mincio-3.webp 500w, https:\/\/gardarelais.demosmartsite.com\/wp-content\/uploads\/2025\/07\/mincio-3-300x300.webp 300w, https:\/\/gardarelais.demosmartsite.com\/wp-content\/uploads\/2025\/07\/mincio-3-150x150.webp 150w, https:\/\/gardarelais.demosmartsite.com\/wp-content\/uploads\/2025\/07\/mincio-3-12x12.webp 12w\" sizes=\"auto, (max-width: 500px) 100vw, 500px\" loading=\"lazy\">\n          \n                  <\/figure>\n      <\/a>\n\n      \n  <\/div>\n\n\n\n<\/div><\/div>\n<\/section><section class=\"bde-section-784-114 bde-section\">\n  \n  \n\t\n\n\n\n<div class=\"section-container\"><div class=\"bde-columns-784-115 bde-columns\"><div class=\"bde-column-784-116 bde-column\">\n  \n  \n\t\n\n\n\n<h5 class=\"bde-heading-784-117 bde-heading\">\nWeinkellereien\/Brennereien\/Brauereien entlang der Strecke<br>\n<\/h5><div class=\"bde-icon-list-784-118 bde-icon-list\">\n<ul>\n  \n              \n    <li>\n                      \n            \n            \n\n    \n    \n    \n    \n    \n    <a class=\"breakdance-link bde-icon-list__item-wrapper\" href=\"https:\/\/maps.app.goo.gl\/zxvxse2moMujXkCJ9\" target=\"_blank\" data-type=\"url\"  >\n\n      \n      <span class='bde-icon-list__icon'>\n        <svg xmlns=\"http:\/\/www.w3.org\/2000\/svg\" viewbox=\"0 0 320 512\"><!--! Font Awesome Free 6.5.1 by @fontawesome - https:\/\/fontawesome.com License - https:\/\/fontawesome.com\/license\/free (Icons: CC BY 4.0, Fonts: SIL OFL 1.1, Code: MIT License) Copyright 2023 Fonticons, Inc. --><path d=\"M16 144a144 144 0 1 1 288 0A144 144 0 1 1 16 144zM160 80c8.8 0 16-7.2 16-16s-7.2-16-16-16c-53 0-96 43-96 96c0 8.8 7.2 16 16 16s16-7.2 16-16c0-35.3 28.7-64 64-64zM128 480V317.1c10.4 1.9 21.1 2.9 32 2.9s21.6-1 32-2.9V480c0 17.7-14.3 32-32 32s-32-14.3-32-32z\"\/><\/svg>\n      <\/span>\n      <span class='bde-icon-list__text' >\n      Azienda Agricola Valbusa (Valeggio sul Mincio)\n      <\/span>\n                  <\/a>\n\n      \n    <\/li>\n\n  \n              \n    <li>\n                      \n            \n            \n\n    \n    \n    \n    \n    \n    <a class=\"breakdance-link bde-icon-list__item-wrapper\" href=\"https:\/\/maps.app.goo.gl\/APc1nNUGX54EiQoW8\" target=\"_blank\" data-type=\"url\"  >\n\n      \n      <span class='bde-icon-list__icon'>\n        <svg xmlns=\"http:\/\/www.w3.org\/2000\/svg\" viewbox=\"0 0 320 512\"><!--! Font Awesome Free 6.5.1 by @fontawesome - https:\/\/fontawesome.com License - https:\/\/fontawesome.com\/license\/free (Icons: CC BY 4.0, Fonts: SIL OFL 1.1, Code: MIT License) Copyright 2023 Fonticons, Inc. --><path d=\"M16 144a144 144 0 1 1 288 0A144 144 0 1 1 16 144zM160 80c8.8 0 16-7.2 16-16s-7.2-16-16-16c-53 0-96 43-96 96c0 8.8 7.2 16 16 16s16-7.2 16-16c0-35.3 28.7-64 64-64zM128 480V317.1c10.4 1.9 21.1 2.9 32 2.9s21.6-1 32-2.9V480c0 17.7-14.3 32-32 32s-32-14.3-32-32z\"\/><\/svg>\n      <\/span>\n      <span class='bde-icon-list__text' >\n      Azienda Agricola Corte Fornello (Valeggio sul Mincio)\n      <\/span>\n                  <\/a>\n\n      \n    <\/li>\n\n  \n              \n    <li>\n                      \n            \n            \n\n    \n    \n    \n    \n    \n    <a class=\"breakdance-link bde-icon-list__item-wrapper\" href=\"https:\/\/maps.app.goo.gl\/uPnHFcnZwYQw3ySVA\" target=\"_blank\" data-type=\"url\"  >\n\n      \n      <span class='bde-icon-list__icon'>\n        <svg xmlns=\"http:\/\/www.w3.org\/2000\/svg\" viewbox=\"0 0 320 512\"><!--! Font Awesome Free 6.5.1 by @fontawesome - https:\/\/fontawesome.com License - https:\/\/fontawesome.com\/license\/free (Icons: CC BY 4.0, Fonts: SIL OFL 1.1, Code: MIT License) Copyright 2023 Fonticons, Inc. --><path d=\"M16 144a144 144 0 1 1 288 0A144 144 0 1 1 16 144zM160 80c8.8 0 16-7.2 16-16s-7.2-16-16-16c-53 0-96 43-96 96c0 8.8 7.2 16 16 16s16-7.2 16-16c0-35.3 28.7-64 64-64zM128 480V317.1c10.4 1.9 21.1 2.9 32 2.9s21.6-1 32-2.9V480c0 17.7-14.3 32-32 32s-32-14.3-32-32z\"\/><\/svg>\n      <\/span>\n      <span class='bde-icon-list__text' >\n      Azienda Agricola Fratelli Vincenzi (Col\u00e0 di Lazise)\n      <\/span>\n                  <\/a>\n\n      \n    <\/li>\n\n  \n              \n    <li>\n                      \n            \n            \n\n    \n    \n    \n    \n    \n    <a class=\"breakdance-link bde-icon-list__item-wrapper\" href=\"https:\/\/maps.app.goo.gl\/KGxxCRzjBi2bCb8ZA\" target=\"_blank\" data-type=\"url\"  >\n\n      \n      <span class='bde-icon-list__icon'>\n        <svg xmlns=\"http:\/\/www.w3.org\/2000\/svg\" viewbox=\"0 0 320 512\"><!--! Font Awesome Free 6.5.1 by @fontawesome - https:\/\/fontawesome.com License - https:\/\/fontawesome.com\/license\/free (Icons: CC BY 4.0, Fonts: SIL OFL 1.1, Code: MIT License) Copyright 2023 Fonticons, Inc. --><path d=\"M16 144a144 144 0 1 1 288 0A144 144 0 1 1 16 144zM160 80c8.8 0 16-7.2 16-16s-7.2-16-16-16c-53 0-96 43-96 96c0 8.8 7.2 16 16 16s16-7.2 16-16c0-35.3 28.7-64 64-64zM128 480V317.1c10.4 1.9 21.1 2.9 32 2.9s21.6-1 32-2.9V480c0 17.7-14.3 32-32 32s-32-14.3-32-32z\"\/><\/svg>\n      <\/span>\n      <span class='bde-icon-list__text' >\n      Azienda Agricola Le Tende (Lazise)\n      <\/span>\n                  <\/a>\n\n      \n    <\/li>\n\n  \n              \n    <li>\n                      \n            \n            \n\n    \n    \n    \n    \n    \n    <a class=\"breakdance-link bde-icon-list__item-wrapper\" href=\"https:\/\/maps.app.goo.gl\/i9t6V2K7dNBPQTkd6\" target=\"_blank\" data-type=\"url\"  >\n\n      \n      <span class='bde-icon-list__icon'>\n        <svg xmlns=\"http:\/\/www.w3.org\/2000\/svg\" viewbox=\"0 0 320 512\"><!--! Font Awesome Free 6.5.1 by @fontawesome - https:\/\/fontawesome.com License - https:\/\/fontawesome.com\/license\/free (Icons: CC BY 4.0, Fonts: SIL OFL 1.1, Code: MIT License) Copyright 2023 Fonticons, Inc. --><path d=\"M16 144a144 144 0 1 1 288 0A144 144 0 1 1 16 144zM160 80c8.8 0 16-7.2 16-16s-7.2-16-16-16c-53 0-96 43-96 96c0 8.8 7.2 16 16 16s16-7.2 16-16c0-35.3 28.7-64 64-64zM128 480V317.1c10.4 1.9 21.1 2.9 32 2.9s21.6-1 32-2.9V480c0 17.7-14.3 32-32 32s-32-14.3-32-32z\"\/><\/svg>\n      <\/span>\n      <span class='bde-icon-list__text' >\n      Meneghello Vini (Lazise)\n      <\/span>\n                  <\/a>\n\n      \n    <\/li>\n\n  <\/ul>\n\n<\/div><h5 class=\"bde-heading-784-119 bde-heading\">\nWo man entlang der Route essen kann<br>\n<\/h5><div class=\"bde-icon-list-784-120 bde-icon-list\">\n<ul>\n  \n              \n    <li>\n                      \n            \n            \n\n    \n    \n    \n    \n    \n    <a class=\"breakdance-link bde-icon-list__item-wrapper\" href=\"https:\/\/maps.app.goo.gl\/MusvxxpE9dnoYFCE6\" target=\"_blank\" data-type=\"url\"  >\n\n      \n      <span class='bde-icon-list__icon'>\n        <svg xmlns=\"http:\/\/www.w3.org\/2000\/svg\" viewbox=\"0 0 320 512\"><!--! Font Awesome Free 6.5.1 by @fontawesome - https:\/\/fontawesome.com License - https:\/\/fontawesome.com\/license\/free (Icons: CC BY 4.0, Fonts: SIL OFL 1.1, Code: MIT License) Copyright 2023 Fonticons, Inc. --><path d=\"M16 144a144 144 0 1 1 288 0A144 144 0 1 1 16 144zM160 80c8.8 0 16-7.2 16-16s-7.2-16-16-16c-53 0-96 43-96 96c0 8.8 7.2 16 16 16s16-7.2 16-16c0-35.3 28.7-64 64-64zM128 480V317.1c10.4 1.9 21.1 2.9 32 2.9s21.6-1 32-2.9V480c0 17.7-14.3 32-32 32s-32-14.3-32-32z\"\/><\/svg>\n      <\/span>\n      <span class='bde-icon-list__text' >\n      Pizzeria Trattoria Cygnus (Monzambano - \u20ac25\/35)\n      <\/span>\n                  <\/a>\n\n      \n    <\/li>\n\n  \n              \n    <li>\n                      \n            \n            \n\n    \n    \n    \n    \n    \n    <a class=\"breakdance-link bde-icon-list__item-wrapper\" href=\"https:\/\/maps.app.goo.gl\/MusvxxpE9dnoYFCE6\" target=\"_blank\" data-type=\"url\"  >\n\n      \n      <span class='bde-icon-list__icon'>\n        <svg xmlns=\"http:\/\/www.w3.org\/2000\/svg\" viewbox=\"0 0 320 512\"><!--! Font Awesome Free 6.5.1 by @fontawesome - https:\/\/fontawesome.com License - https:\/\/fontawesome.com\/license\/free (Icons: CC BY 4.0, Fonts: SIL OFL 1.1, Code: MIT License) Copyright 2023 Fonticons, Inc. --><path d=\"M16 144a144 144 0 1 1 288 0A144 144 0 1 1 16 144zM160 80c8.8 0 16-7.2 16-16s-7.2-16-16-16c-53 0-96 43-96 96c0 8.8 7.2 16 16 16s16-7.2 16-16c0-35.3 28.7-64 64-64zM128 480V317.1c10.4 1.9 21.1 2.9 32 2.9s21.6-1 32-2.9V480c0 17.7-14.3 32-32 32s-32-14.3-32-32z\"\/><\/svg>\n      <\/span>\n      <span class='bde-icon-list__text' >\n      Trattoria dei Colli (Monzambano - \u20ac25\/35)\n      <\/span>\n                  <\/a>\n\n      \n    <\/li>\n\n  \n              \n    <li>\n                      \n            \n            \n\n    \n    \n    \n    \n    \n    <a class=\"breakdance-link bde-icon-list__item-wrapper\" href=\"https:\/\/maps.app.goo.gl\/hXDwXXkAMVH1JEkA8\" target=\"_blank\" data-type=\"url\"  >\n\n      \n      <span class='bde-icon-list__icon'>\n        <svg xmlns=\"http:\/\/www.w3.org\/2000\/svg\" viewbox=\"0 0 320 512\"><!--! Font Awesome Free 6.5.1 by @fontawesome - https:\/\/fontawesome.com License - https:\/\/fontawesome.com\/license\/free (Icons: CC BY 4.0, Fonts: SIL OFL 1.1, Code: MIT License) Copyright 2023 Fonticons, Inc. --><path d=\"M16 144a144 144 0 1 1 288 0A144 144 0 1 1 16 144zM160 80c8.8 0 16-7.2 16-16s-7.2-16-16-16c-53 0-96 43-96 96c0 8.8 7.2 16 16 16s16-7.2 16-16c0-35.3 28.7-64 64-64zM128 480V317.1c10.4 1.9 21.1 2.9 32 2.9s21.6-1 32-2.9V480c0 17.7-14.3 32-32 32s-32-14.3-32-32z\"\/><\/svg>\n      <\/span>\n      <span class='bde-icon-list__text' >\n      Trattoria Fornello (Valeggio Sul Mincio - \u20ac30\/40)\n      <\/span>\n                  <\/a>\n\n      \n    <\/li>\n\n  <\/ul>\n\n<\/div>\n<\/div><div class=\"bde-column-784-121 bde-column\">\n  \n  \n\t\n\n\n\n<div class=\"bde-code-block-784-122 bde-code-block\">\n\n      <iframe loading=\"lazy\" style=\"width:100%\" src=\"https:\/\/www.google.com\/maps\/d\/embed?mid=1hhvfl_KPUiM0ZVVkGKhQB2qVqClO7YA&ehbc=2E312F\" width=\"640\" height=\"480\"><\/iframe>\n\n\n<\/div>\n<\/div><\/div><\/div>\n<\/section>","protected":false},"excerpt":{"rendered":"<p>* Ciclabile del Mincio Un percorso che abbraccia la diversit\u00e0 del territorio del Mincio, regalando emozioni uniche. Pedalare nel cuore del Parco fluviale del Mincio. Questo percorso, pensato principalmente per gli appassionati di MTB (ma anche con un gravel pu\u00f2 essere appagante), nel tratto da Peschiera a Borghetto si snoda attraverso un sentiero quasi totalmente [&hellip;]<\/p>","protected":false},"author":3,"featured_media":0,"parent":462,"menu_order":0,"comment_status":"closed","ping_status":"closed","template":"","meta":{"_breakdance_hide_in_design_set":false,"_breakdance_tags":"","footnotes":""},"class_list":["post-784","page","type-page","status-publish","hentry"],"_links":{"self":[{"href":"https:\/\/gardarelais.demosmartsite.com\/de\/wp-json\/wp\/v2\/pages\/784","targetHints":{"allow":["GET"]}}],"collection":[{"href":"https:\/\/gardarelais.demosmartsite.com\/de\/wp-json\/wp\/v2\/pages"}],"about":[{"href":"https:\/\/gardarelais.demosmartsite.com\/de\/wp-json\/wp\/v2\/types\/page"}],"author":[{"embeddable":true,"href":"https:\/\/gardarelais.demosmartsite.com\/de\/wp-json\/wp\/v2\/users\/3"}],"replies":[{"embeddable":true,"href":"https:\/\/gardarelais.demosmartsite.com\/de\/wp-json\/wp\/v2\/comments?post=784"}],"version-history":[{"count":8,"href":"https:\/\/gardarelais.demosmartsite.com\/de\/wp-json\/wp\/v2\/pages\/784\/revisions"}],"predecessor-version":[{"id":932,"href":"https:\/\/gardarelais.demosmartsite.com\/de\/wp-json\/wp\/v2\/pages\/784\/revisions\/932"}],"up":[{"embeddable":true,"href":"https:\/\/gardarelais.demosmartsite.com\/de\/wp-json\/wp\/v2\/pages\/462"}],"wp:attachment":[{"href":"https:\/\/gardarelais.demosmartsite.com\/de\/wp-json\/wp\/v2\/media?parent=784"}],"curies":[{"name":"wp","href":"https:\/\/api.w.org\/{rel}","templated":true}]}}