{"id":782,"date":"2025-07-14T12:32:36","date_gmt":"2025-07-14T10:32:36","guid":{"rendered":"https:\/\/gardarelais.demosmartsite.com\/?page_id=782"},"modified":"2025-07-15T10:18:59","modified_gmt":"2025-07-15T08:18:59","slug":"st-george-klause","status":"publish","type":"page","link":"https:\/\/gardarelais.demosmartsite.com\/de\/mit-dem-fahrrad-erkunden\/st-george-klause\/","title":{"rendered":"Eremitage St. Georg"},"content":{"rendered":"<section class=\"bde-section-782-100 bde-section\">\n              \n  \n  \n\t\n\n  <div class=\"section-background-overlay\"><\/div>\n\n\n<div class=\"section-container\"><h1 class=\"bde-heading-782-101 bde-heading\">\n* EREMITAGE SAN GIORGIO\n<\/h1><div class=\"bde-text-782-102 bde-text\">\nAusflug zum Eremo San Giorgio in Bardolino, atemberaubender Blick auf den Gardasee.<br>\n<\/div><\/div>\n<\/section><section class=\"bde-section-782-103 bde-section\">\n  \n  \n\t\n\n\n\n<div class=\"section-container\"><div class=\"bde-columns-782-104 bde-columns\"><div class=\"bde-column-782-105 bde-column\">\n  \n  \n\t\n\n\n\n<h4 class=\"bde-heading-782-106 bde-heading\">\nEine Reise durch die lokale Kultur und die zeitlose Sch\u00f6nheit der Region.\n<\/h4><div class=\"bde-text-782-107 bde-text\">\nSie werden die Seebrise auf Ihrer Haut sp\u00fcren, die einheimischen Weine der Region verkosten und sich in den Ausblicken verlieren, die diese Route zu einem unvergesslichen Erlebnis machen.<br><br>Die Strecke, die sowohl f\u00fcr MTB- als auch f\u00fcr Rennradfahrer geeignet ist, umfasst 34 Kilometer (Hin- und R\u00fcckweg). Entlang der Strecke k\u00f6nnen Sie f\u00fcr ein \"langsameres\" Tempo, Essen und Wein Halt an Aktivit\u00e4ten wie Masi Tenuta Canova, die Azienda Agricola Roccolo del Lago, oder sogar Cantina Zeni (sie haben eine sch\u00f6ne Wein-Museum!).<br><br>Die Route ber\u00fchrt: Localit\u00e0 Oca - Localit\u00e0 Ca' Isidora (m\u00f6glicher Halt bei Masi Tenuta Canova) - Cantina F.lli Zeni (Bardolino) - Eremo di San Giorgio\n<\/div><div class=\"bde-grid-782-108 bde-grid\">\n  \n  \n\t\n\n\n\n<div class=\"bde-image-box-782-109 bde-image-box\">\n<div class=\"ee-imagebox-image\">\n  <img loading=\"lazy\" decoding=\"async\" class=\"breakdance-image-object\" src=\"https:\/\/gardarelais.demosmartsite.com\/wp-content\/uploads\/2025\/07\/itinerario.webp\" width=\"330\" height=\"194\" srcset=\"https:\/\/gardarelais.demosmartsite.com\/wp-content\/uploads\/2025\/07\/itinerario.webp 330w, https:\/\/gardarelais.demosmartsite.com\/wp-content\/uploads\/2025\/07\/itinerario-300x176.webp 300w, https:\/\/gardarelais.demosmartsite.com\/wp-content\/uploads\/2025\/07\/itinerario-18x12.webp 18w\" sizes=\"auto, (max-width: 330px) 100vw, 330px\">\n<\/div>\n<div class=\"ee-imagebox-content\">\n      <p class=\"ee-imagebox-title bde-h3\" >ITINERAR<\/p>\n    \n      <div class=\"ee-imagebox-text\" >34km a\/r<\/div>\n    \n  <\/div>\n\n<\/div><div class=\"bde-image-box-782-110 bde-image-box\">\n<div class=\"ee-imagebox-image\">\n  <img loading=\"lazy\" decoding=\"async\" class=\"breakdance-image-object\" src=\"https:\/\/gardarelais.demosmartsite.com\/wp-content\/uploads\/2025\/07\/difficolta.webp\" width=\"314\" height=\"258\" srcset=\"https:\/\/gardarelais.demosmartsite.com\/wp-content\/uploads\/2025\/07\/difficolta.webp 314w, https:\/\/gardarelais.demosmartsite.com\/wp-content\/uploads\/2025\/07\/difficolta-300x246.webp 300w, https:\/\/gardarelais.demosmartsite.com\/wp-content\/uploads\/2025\/07\/difficolta-15x12.webp 15w\" sizes=\"auto, (max-width: 314px) 100vw, 314px\">\n<\/div>\n<div class=\"ee-imagebox-content\">\n      <p class=\"ee-imagebox-title bde-h3\" >DIFFICULTY<\/p>\n    \n      <div class=\"ee-imagebox-text\" >Einfach<\/div>\n    \n  <\/div>\n\n<\/div><div class=\"bde-image-box-782-111 bde-image-box\">\n<div class=\"ee-imagebox-image\">\n  <img loading=\"lazy\" decoding=\"async\" class=\"breakdance-image-object\" src=\"https:\/\/gardarelais.demosmartsite.com\/wp-content\/uploads\/2025\/07\/panorami.webp\" width=\"376\" height=\"300\" srcset=\"https:\/\/gardarelais.demosmartsite.com\/wp-content\/uploads\/2025\/07\/panorami.webp 376w, https:\/\/gardarelais.demosmartsite.com\/wp-content\/uploads\/2025\/07\/panorami-300x239.webp 300w, https:\/\/gardarelais.demosmartsite.com\/wp-content\/uploads\/2025\/07\/panorami-15x12.webp 15w\" sizes=\"auto, (max-width: 376px) 100vw, 376px\">\n<\/div>\n<div class=\"ee-imagebox-content\">\n      <p class=\"ee-imagebox-title bde-h3\" >PANORAMOS<\/p>\n    \n      <div class=\"ee-imagebox-text\" >\u2605\u2605\u2605\u2605\u2605<\/div>\n    \n  <\/div>\n\n<\/div>\n<\/div>\n<\/div><div class=\"bde-column-782-112 bde-column\" data-entrance=\"slideUp\">\n  \n  \n\t\n\n\n\n\n<\/div><\/div><div class=\"bde-gallery-782-113 bde-gallery\">\n\n\n  \n\n\n\n\n\n\n\n\n\n\n<div class=\"ee-gallery ee-gallery--default ee-gallery--grid ee-gallery--single ee-gallery--lightbox ee-gallery-- ee-gallery--caption- ee-gallery--caption-none ee-gallery--ratio\">\n                  \n      <a class=\"ee-gallery-item ee-gallery-item--image ee-gallery-item--single\" href=\"https:\/\/gardarelais.demosmartsite.com\/wp-content\/uploads\/2025\/07\/eremo-1.webp\"  data-sub-html=\"<span><\/span>\" data-category=\"1\"                  data-lg-size=\"500-500\"\n\n      >\n        <figure class=\"ee-gallery-item-figure\">\n                        <img decoding=\"async\" class=\"breakdance-image-object\" src=\"https:\/\/gardarelais.demosmartsite.com\/wp-content\/uploads\/2025\/07\/eremo-1.webp\" width=\"500\" height=\"500\" srcset=\"https:\/\/gardarelais.demosmartsite.com\/wp-content\/uploads\/2025\/07\/eremo-1.webp 500w, https:\/\/gardarelais.demosmartsite.com\/wp-content\/uploads\/2025\/07\/eremo-1-300x300.webp 300w, https:\/\/gardarelais.demosmartsite.com\/wp-content\/uploads\/2025\/07\/eremo-1-150x150.webp 150w, https:\/\/gardarelais.demosmartsite.com\/wp-content\/uploads\/2025\/07\/eremo-1-12x12.webp 12w\" sizes=\"auto, (max-width: 500px) 100vw, 500px\" loading=\"lazy\">\n          \n                  <\/figure>\n      <\/a>\n\n                \n      <a class=\"ee-gallery-item ee-gallery-item--image ee-gallery-item--single\" href=\"https:\/\/gardarelais.demosmartsite.com\/wp-content\/uploads\/2025\/07\/eremo-2.webp\"  data-sub-html=\"<span><\/span>\" data-category=\"1\"                  data-lg-size=\"500-500\"\n\n      >\n        <figure class=\"ee-gallery-item-figure\">\n                        <img decoding=\"async\" class=\"breakdance-image-object\" src=\"https:\/\/gardarelais.demosmartsite.com\/wp-content\/uploads\/2025\/07\/eremo-2.webp\" width=\"500\" height=\"500\" srcset=\"https:\/\/gardarelais.demosmartsite.com\/wp-content\/uploads\/2025\/07\/eremo-2.webp 500w, https:\/\/gardarelais.demosmartsite.com\/wp-content\/uploads\/2025\/07\/eremo-2-300x300.webp 300w, https:\/\/gardarelais.demosmartsite.com\/wp-content\/uploads\/2025\/07\/eremo-2-150x150.webp 150w, https:\/\/gardarelais.demosmartsite.com\/wp-content\/uploads\/2025\/07\/eremo-2-12x12.webp 12w\" sizes=\"auto, (max-width: 500px) 100vw, 500px\" loading=\"lazy\">\n          \n                  <\/figure>\n      <\/a>\n\n                \n      <a class=\"ee-gallery-item ee-gallery-item--image ee-gallery-item--single\" href=\"https:\/\/gardarelais.demosmartsite.com\/wp-content\/uploads\/2025\/07\/eremo-3.webp\"  data-sub-html=\"<span><\/span>\" data-category=\"1\"                  data-lg-size=\"500-500\"\n\n      >\n        <figure class=\"ee-gallery-item-figure\">\n                        <img decoding=\"async\" class=\"breakdance-image-object\" src=\"https:\/\/gardarelais.demosmartsite.com\/wp-content\/uploads\/2025\/07\/eremo-3.webp\" width=\"500\" height=\"500\" srcset=\"https:\/\/gardarelais.demosmartsite.com\/wp-content\/uploads\/2025\/07\/eremo-3.webp 500w, https:\/\/gardarelais.demosmartsite.com\/wp-content\/uploads\/2025\/07\/eremo-3-300x300.webp 300w, https:\/\/gardarelais.demosmartsite.com\/wp-content\/uploads\/2025\/07\/eremo-3-150x150.webp 150w, https:\/\/gardarelais.demosmartsite.com\/wp-content\/uploads\/2025\/07\/eremo-3-12x12.webp 12w\" sizes=\"auto, (max-width: 500px) 100vw, 500px\" loading=\"lazy\">\n          \n                  <\/figure>\n      <\/a>\n\n      \n  <\/div>\n\n\n\n<\/div><\/div>\n<\/section><section class=\"bde-section-782-114 bde-section\">\n  \n  \n\t\n\n\n\n<div class=\"section-container\"><div class=\"bde-columns-782-115 bde-columns\"><div class=\"bde-column-782-116 bde-column\">\n  \n  \n\t\n\n\n\n<h5 class=\"bde-heading-782-117 bde-heading\">\nWeinkellereien\/Brennereien\/Brauereien entlang der Strecke<br>\n<\/h5><div class=\"bde-icon-list-782-118 bde-icon-list\">\n<ul>\n  \n              \n    <li>\n                      \n            \n            \n\n    \n    \n    \n    \n    \n    <a class=\"breakdance-link bde-icon-list__item-wrapper\" href=\"https:\/\/maps.app.goo.gl\/zxvxse2moMujXkCJ9\" target=\"_blank\" data-type=\"url\"  >\n\n      \n      <span class='bde-icon-list__icon'>\n        <svg xmlns=\"http:\/\/www.w3.org\/2000\/svg\" viewbox=\"0 0 320 512\"><!--! Font Awesome Free 6.5.1 by @fontawesome - https:\/\/fontawesome.com License - https:\/\/fontawesome.com\/license\/free (Icons: CC BY 4.0, Fonts: SIL OFL 1.1, Code: MIT License) Copyright 2023 Fonticons, Inc. --><path d=\"M16 144a144 144 0 1 1 288 0A144 144 0 1 1 16 144zM160 80c8.8 0 16-7.2 16-16s-7.2-16-16-16c-53 0-96 43-96 96c0 8.8 7.2 16 16 16s16-7.2 16-16c0-35.3 28.7-64 64-64zM128 480V317.1c10.4 1.9 21.1 2.9 32 2.9s21.6-1 32-2.9V480c0 17.7-14.3 32-32 32s-32-14.3-32-32z\"\/><\/svg>\n      <\/span>\n      <span class='bde-icon-list__text' >\n      Masi Tenuta Canova (Lazise)\n      <\/span>\n                  <\/a>\n\n      \n    <\/li>\n\n  \n              \n    <li>\n                      \n            \n            \n\n    \n    \n    \n    \n    \n    <a class=\"breakdance-link bde-icon-list__item-wrapper\" href=\"https:\/\/maps.app.goo.gl\/APc1nNUGX54EiQoW8\" target=\"_blank\" data-type=\"url\"  >\n\n      \n      <span class='bde-icon-list__icon'>\n        <svg xmlns=\"http:\/\/www.w3.org\/2000\/svg\" viewbox=\"0 0 320 512\"><!--! Font Awesome Free 6.5.1 by @fontawesome - https:\/\/fontawesome.com License - https:\/\/fontawesome.com\/license\/free (Icons: CC BY 4.0, Fonts: SIL OFL 1.1, Code: MIT License) Copyright 2023 Fonticons, Inc. --><path d=\"M16 144a144 144 0 1 1 288 0A144 144 0 1 1 16 144zM160 80c8.8 0 16-7.2 16-16s-7.2-16-16-16c-53 0-96 43-96 96c0 8.8 7.2 16 16 16s16-7.2 16-16c0-35.3 28.7-64 64-64zM128 480V317.1c10.4 1.9 21.1 2.9 32 2.9s21.6-1 32-2.9V480c0 17.7-14.3 32-32 32s-32-14.3-32-32z\"\/><\/svg>\n      <\/span>\n      <span class='bde-icon-list__text' >\n      Azienda Agricola Roccolo del Lago (Lazise)\n      <\/span>\n                  <\/a>\n\n      \n    <\/li>\n\n  \n              \n    <li>\n                      \n            \n            \n\n    \n    \n    \n    \n    \n    <a class=\"breakdance-link bde-icon-list__item-wrapper\" href=\"https:\/\/maps.app.goo.gl\/uPnHFcnZwYQw3ySVA\" target=\"_blank\" data-type=\"url\"  >\n\n      \n      <span class='bde-icon-list__icon'>\n        <svg xmlns=\"http:\/\/www.w3.org\/2000\/svg\" viewbox=\"0 0 320 512\"><!--! Font Awesome Free 6.5.1 by @fontawesome - https:\/\/fontawesome.com License - https:\/\/fontawesome.com\/license\/free (Icons: CC BY 4.0, Fonts: SIL OFL 1.1, Code: MIT License) Copyright 2023 Fonticons, Inc. --><path d=\"M16 144a144 144 0 1 1 288 0A144 144 0 1 1 16 144zM160 80c8.8 0 16-7.2 16-16s-7.2-16-16-16c-53 0-96 43-96 96c0 8.8 7.2 16 16 16s16-7.2 16-16c0-35.3 28.7-64 64-64zM128 480V317.1c10.4 1.9 21.1 2.9 32 2.9s21.6-1 32-2.9V480c0 17.7-14.3 32-32 32s-32-14.3-32-32z\"\/><\/svg>\n      <\/span>\n      <span class='bde-icon-list__text' >\n      Weinkeller Zeni (Bardolino)\n      <\/span>\n                  <\/a>\n\n      \n    <\/li>\n\n  \n              \n    <li>\n                      \n            \n            \n\n    \n    \n    \n    \n    \n    <a class=\"breakdance-link bde-icon-list__item-wrapper\" href=\"https:\/\/maps.app.goo.gl\/KGxxCRzjBi2bCb8ZA\" target=\"_blank\" data-type=\"url\"  >\n\n      \n      <span class='bde-icon-list__icon'>\n        <svg xmlns=\"http:\/\/www.w3.org\/2000\/svg\" viewbox=\"0 0 320 512\"><!--! Font Awesome Free 6.5.1 by @fontawesome - https:\/\/fontawesome.com License - https:\/\/fontawesome.com\/license\/free (Icons: CC BY 4.0, Fonts: SIL OFL 1.1, Code: MIT License) Copyright 2023 Fonticons, Inc. --><path d=\"M16 144a144 144 0 1 1 288 0A144 144 0 1 1 16 144zM160 80c8.8 0 16-7.2 16-16s-7.2-16-16-16c-53 0-96 43-96 96c0 8.8 7.2 16 16 16s16-7.2 16-16c0-35.3 28.7-64 64-64zM128 480V317.1c10.4 1.9 21.1 2.9 32 2.9s21.6-1 32-2.9V480c0 17.7-14.3 32-32 32s-32-14.3-32-32z\"\/><\/svg>\n      <\/span>\n      <span class='bde-icon-list__text' >\n      Rizzardi-Krieger (Bardolino)\n      <\/span>\n                  <\/a>\n\n      \n    <\/li>\n\n  <\/ul>\n\n<\/div><h5 class=\"bde-heading-782-119 bde-heading\">\nWo man entlang der Route essen kann<br>\n<\/h5><div class=\"bde-icon-list-782-120 bde-icon-list\">\n<ul>\n  \n              \n    <li>\n                      \n            \n            \n\n    \n    \n    \n    \n    \n    <a class=\"breakdance-link bde-icon-list__item-wrapper\" href=\"https:\/\/maps.app.goo.gl\/MusvxxpE9dnoYFCE6\" target=\"_blank\" data-type=\"url\"  >\n\n      \n      <span class='bde-icon-list__icon'>\n        <svg xmlns=\"http:\/\/www.w3.org\/2000\/svg\" viewbox=\"0 0 320 512\"><!--! Font Awesome Free 6.5.1 by @fontawesome - https:\/\/fontawesome.com License - https:\/\/fontawesome.com\/license\/free (Icons: CC BY 4.0, Fonts: SIL OFL 1.1, Code: MIT License) Copyright 2023 Fonticons, Inc. --><path d=\"M16 144a144 144 0 1 1 288 0A144 144 0 1 1 16 144zM160 80c8.8 0 16-7.2 16-16s-7.2-16-16-16c-53 0-96 43-96 96c0 8.8 7.2 16 16 16s16-7.2 16-16c0-35.3 28.7-64 64-64zM128 480V317.1c10.4 1.9 21.1 2.9 32 2.9s21.6-1 32-2.9V480c0 17.7-14.3 32-32 32s-32-14.3-32-32z\"\/><\/svg>\n      <\/span>\n      <span class='bde-icon-list__text' >\n      Trattoria Rocchetti (Lazise - \u20ac25\/40)\n      <\/span>\n                  <\/a>\n\n      \n    <\/li>\n\n  \n              \n    <li>\n                      \n            \n            \n\n    \n    \n    \n    \n    \n    <a class=\"breakdance-link bde-icon-list__item-wrapper\" href=\"https:\/\/maps.app.goo.gl\/t1ZCoYAiJKbBVQGH9\" target=\"_blank\" data-type=\"url\"  >\n\n      \n      <span class='bde-icon-list__icon'>\n        <svg xmlns=\"http:\/\/www.w3.org\/2000\/svg\" viewbox=\"0 0 320 512\"><!--! Font Awesome Free 6.5.1 by @fontawesome - https:\/\/fontawesome.com License - https:\/\/fontawesome.com\/license\/free (Icons: CC BY 4.0, Fonts: SIL OFL 1.1, Code: MIT License) Copyright 2023 Fonticons, Inc. --><path d=\"M16 144a144 144 0 1 1 288 0A144 144 0 1 1 16 144zM160 80c8.8 0 16-7.2 16-16s-7.2-16-16-16c-53 0-96 43-96 96c0 8.8 7.2 16 16 16s16-7.2 16-16c0-35.3 28.7-64 64-64zM128 480V317.1c10.4 1.9 21.1 2.9 32 2.9s21.6-1 32-2.9V480c0 17.7-14.3 32-32 32s-32-14.3-32-32z\"\/><\/svg>\n      <\/span>\n      <span class='bde-icon-list__text' >\n      Locanda Al Cardellino (Cisano - \u20ac60\/70)\n      <\/span>\n                  <\/a>\n\n      \n    <\/li>\n\n  \n              \n    <li>\n                      \n            \n            \n\n    \n    \n    \n    \n    \n    <a class=\"breakdance-link bde-icon-list__item-wrapper\" href=\"https:\/\/maps.app.goo.gl\/hXDwXXkAMVH1JEkA8\" target=\"_blank\" data-type=\"url\"  >\n\n      \n      <span class='bde-icon-list__icon'>\n        <svg xmlns=\"http:\/\/www.w3.org\/2000\/svg\" viewbox=\"0 0 320 512\"><!--! Font Awesome Free 6.5.1 by @fontawesome - https:\/\/fontawesome.com License - https:\/\/fontawesome.com\/license\/free (Icons: CC BY 4.0, Fonts: SIL OFL 1.1, Code: MIT License) Copyright 2023 Fonticons, Inc. --><path d=\"M16 144a144 144 0 1 1 288 0A144 144 0 1 1 16 144zM160 80c8.8 0 16-7.2 16-16s-7.2-16-16-16c-53 0-96 43-96 96c0 8.8 7.2 16 16 16s16-7.2 16-16c0-35.3 28.7-64 64-64zM128 480V317.1c10.4 1.9 21.1 2.9 32 2.9s21.6-1 32-2.9V480c0 17.7-14.3 32-32 32s-32-14.3-32-32z\"\/><\/svg>\n      <\/span>\n      <span class='bde-icon-list__text' >\n      Restaurant Costadoro (Bardolino - \u20ac30\/45)\n      <\/span>\n                  <\/a>\n\n      \n    <\/li>\n\n  <\/ul>\n\n<\/div>\n<\/div><div class=\"bde-column-782-121 bde-column\">\n  \n  \n\t\n\n\n\n<div class=\"bde-code-block-782-122 bde-code-block\">\n\n    <iframe loading=\"lazy\" style=\"width:100%\" src=\"https:\/\/www.google.com\/maps\/d\/embed?mid=1xaAExilD6DxVNi2Jm7fRC4_J3APAF1I&ehbc=2E312F\" width=\"640\" height=\"480\"><\/iframe>\n\n\n<\/div>\n<\/div><\/div><\/div>\n<\/section>","protected":false},"excerpt":{"rendered":"<p>* EREMO SAN GIORGIO Itinerario all\u2019Eremo San Giorgio a Bardolino, panorami mozzafiato sul Lago di Garda. Un viaggio attraverso la cultura locale e la bellezza senza tempo del territorio. Sentirai la brezza del lago sulla pelle, assaporerai i vini autoctoni della regione e ti perderai tra i panorami che rendono questo percorso un&#8217;esperienza indimenticabile.Il percorso, [&hellip;]<\/p>","protected":false},"author":3,"featured_media":0,"parent":462,"menu_order":0,"comment_status":"closed","ping_status":"closed","template":"","meta":{"_breakdance_hide_in_design_set":false,"_breakdance_tags":"","footnotes":""},"class_list":["post-782","page","type-page","status-publish","hentry"],"_links":{"self":[{"href":"https:\/\/gardarelais.demosmartsite.com\/de\/wp-json\/wp\/v2\/pages\/782","targetHints":{"allow":["GET"]}}],"collection":[{"href":"https:\/\/gardarelais.demosmartsite.com\/de\/wp-json\/wp\/v2\/pages"}],"about":[{"href":"https:\/\/gardarelais.demosmartsite.com\/de\/wp-json\/wp\/v2\/types\/page"}],"author":[{"embeddable":true,"href":"https:\/\/gardarelais.demosmartsite.com\/de\/wp-json\/wp\/v2\/users\/3"}],"replies":[{"embeddable":true,"href":"https:\/\/gardarelais.demosmartsite.com\/de\/wp-json\/wp\/v2\/comments?post=782"}],"version-history":[{"count":9,"href":"https:\/\/gardarelais.demosmartsite.com\/de\/wp-json\/wp\/v2\/pages\/782\/revisions"}],"predecessor-version":[{"id":931,"href":"https:\/\/gardarelais.demosmartsite.com\/de\/wp-json\/wp\/v2\/pages\/782\/revisions\/931"}],"up":[{"embeddable":true,"href":"https:\/\/gardarelais.demosmartsite.com\/de\/wp-json\/wp\/v2\/pages\/462"}],"wp:attachment":[{"href":"https:\/\/gardarelais.demosmartsite.com\/de\/wp-json\/wp\/v2\/media?parent=782"}],"curies":[{"name":"wp","href":"https:\/\/api.w.org\/{rel}","templated":true}]}}