{"id":780,"date":"2025-07-14T12:31:56","date_gmt":"2025-07-14T10:31:56","guid":{"rendered":"https:\/\/gardarelais.demosmartsite.com\/?page_id=780"},"modified":"2025-07-15T10:18:15","modified_gmt":"2025-07-15T08:18:15","slug":"custoza-hugel","status":"publish","type":"page","link":"https:\/\/gardarelais.demosmartsite.com\/de\/mit-dem-fahrrad-erkunden\/custoza-hugel\/","title":{"rendered":"Die Berge von Custoza"},"content":{"rendered":"<section class=\"bde-section-780-110 bde-section\">\n              \n  \n  \n\t\n\n  <div class=\"section-background-overlay\"><\/div>\n\n\n<div class=\"section-container\"><h1 class=\"bde-heading-780-111 bde-heading\">\n* CUSTOZA-H\u00dcGEL\n<\/h1><div class=\"bde-text-780-112 bde-text\">\nZwischen Weinbergen und Geschichte, im Hinterland des Gardasees<br>Alle hellen und ger\u00e4umigen Zimmer im Living Hotel sind klimatisiert, modern eingerichtet und mit Parkettboden ausgestattet.\n<\/div><\/div>\n<\/section><section class=\"bde-section-780-100 bde-section\">\n  \n  \n\t\n\n\n\n<div class=\"section-container\"><div class=\"bde-columns-780-101 bde-columns\"><div class=\"bde-column-780-102 bde-column\">\n  \n  \n\t\n\n\n\n<h4 class=\"bde-heading-780-113 bde-heading\">\nEntdecken Sie die verborgenen Sch\u00e4tze der Custoza-Berge.\n<\/h4><div class=\"bde-text-780-105 bde-text\">\nRadfahren durch eine bukolische Landschaft, in der sich Weinberge und historische Zeugnisse harmonisch vermischen. Diese sanften H\u00fcgel, die von der italienischen Sonne gek\u00fcsst werden, bieten eine bezaubernde Reise durch charakteristische D\u00f6rfer, und jede Fahrt enth\u00fcllt ein Geheimnis dieser Weinregion.<br><br>Eine Strecke, die sich sowohl f\u00fcr das Mountainbiking (allerdings haupts\u00e4chlich auf der Stra\u00dfe) als auch f\u00fcr das Stra\u00dfenradfahren eignet; im letzteren Fall k\u00f6nnen die 40 km eher eine \"Aufw\u00e4rmphase\" sein als eine echte Strecke.<br><br>40 km Strecke: Palazzolo - Sona (\u00dcberquerung der Provinzstra\u00dfe) - San Giorgio in Salici - Santa Lucia ai Monti - Custoza (Beinhaus)\n<\/div><div class=\"bde-grid-780-114 bde-grid\">\n  \n  \n\t\n\n\n\n<div class=\"bde-image-box-780-115 bde-image-box\">\n<div class=\"ee-imagebox-image\">\n  <img loading=\"lazy\" decoding=\"async\" class=\"breakdance-image-object\" src=\"https:\/\/gardarelais.demosmartsite.com\/wp-content\/uploads\/2025\/07\/itinerario.webp\" width=\"330\" height=\"194\" srcset=\"https:\/\/gardarelais.demosmartsite.com\/wp-content\/uploads\/2025\/07\/itinerario.webp 330w, https:\/\/gardarelais.demosmartsite.com\/wp-content\/uploads\/2025\/07\/itinerario-300x176.webp 300w, https:\/\/gardarelais.demosmartsite.com\/wp-content\/uploads\/2025\/07\/itinerario-18x12.webp 18w\" sizes=\"auto, (max-width: 330px) 100vw, 330px\">\n<\/div>\n<div class=\"ee-imagebox-content\">\n      <p class=\"ee-imagebox-title bde-h3\" >ITINERAR<\/p>\n    \n      <div class=\"ee-imagebox-text\" >40 km Hin- und R\u00fcckfahrt<\/div>\n    \n  <\/div>\n\n<\/div><div class=\"bde-image-box-780-121 bde-image-box\">\n<div class=\"ee-imagebox-image\">\n  <img loading=\"lazy\" decoding=\"async\" class=\"breakdance-image-object\" src=\"https:\/\/gardarelais.demosmartsite.com\/wp-content\/uploads\/2025\/07\/difficolta.webp\" width=\"314\" height=\"258\" srcset=\"https:\/\/gardarelais.demosmartsite.com\/wp-content\/uploads\/2025\/07\/difficolta.webp 314w, https:\/\/gardarelais.demosmartsite.com\/wp-content\/uploads\/2025\/07\/difficolta-300x246.webp 300w, https:\/\/gardarelais.demosmartsite.com\/wp-content\/uploads\/2025\/07\/difficolta-15x12.webp 15w\" sizes=\"auto, (max-width: 314px) 100vw, 314px\">\n<\/div>\n<div class=\"ee-imagebox-content\">\n      <p class=\"ee-imagebox-title bde-h3\" >DIFFICULTY<\/p>\n    \n      <div class=\"ee-imagebox-text\" >Einfach<\/div>\n    \n  <\/div>\n\n<\/div><div class=\"bde-image-box-780-122 bde-image-box\">\n<div class=\"ee-imagebox-image\">\n  <img loading=\"lazy\" decoding=\"async\" class=\"breakdance-image-object\" src=\"https:\/\/gardarelais.demosmartsite.com\/wp-content\/uploads\/2025\/07\/panorami.webp\" width=\"376\" height=\"300\" srcset=\"https:\/\/gardarelais.demosmartsite.com\/wp-content\/uploads\/2025\/07\/panorami.webp 376w, https:\/\/gardarelais.demosmartsite.com\/wp-content\/uploads\/2025\/07\/panorami-300x239.webp 300w, https:\/\/gardarelais.demosmartsite.com\/wp-content\/uploads\/2025\/07\/panorami-15x12.webp 15w\" sizes=\"auto, (max-width: 376px) 100vw, 376px\">\n<\/div>\n<div class=\"ee-imagebox-content\">\n      <p class=\"ee-imagebox-title bde-h3\" >PANORAMOS<\/p>\n    \n      <div class=\"ee-imagebox-text\" >\u2605\u2605\u2605<\/div>\n    \n  <\/div>\n\n<\/div>\n<\/div>\n<\/div><div class=\"bde-column-780-107 bde-column\" data-entrance=\"slideUp\">\n  \n  \n\t\n\n\n\n\n<\/div><\/div><div class=\"bde-gallery-780-108 bde-gallery\">\n\n\n  \n\n\n\n\n\n\n\n\n\n\n<div class=\"ee-gallery ee-gallery--default ee-gallery--grid ee-gallery--single ee-gallery--lightbox ee-gallery-- ee-gallery--caption- ee-gallery--caption-none ee-gallery--ratio\">\n                  \n      <a class=\"ee-gallery-item ee-gallery-item--image ee-gallery-item--single\" href=\"https:\/\/gardarelais.demosmartsite.com\/wp-content\/uploads\/2025\/07\/custoza-1.webp\"  data-sub-html=\"<span><\/span>\" data-category=\"1\"                  data-lg-size=\"640-640\"\n\n      >\n        <figure class=\"ee-gallery-item-figure\">\n                        <img decoding=\"async\" class=\"breakdance-image-object\" src=\"https:\/\/gardarelais.demosmartsite.com\/wp-content\/uploads\/2025\/07\/custoza-1.webp\" width=\"640\" height=\"640\" srcset=\"https:\/\/gardarelais.demosmartsite.com\/wp-content\/uploads\/2025\/07\/custoza-1.webp 640w, https:\/\/gardarelais.demosmartsite.com\/wp-content\/uploads\/2025\/07\/custoza-1-300x300.webp 300w, https:\/\/gardarelais.demosmartsite.com\/wp-content\/uploads\/2025\/07\/custoza-1-150x150.webp 150w, https:\/\/gardarelais.demosmartsite.com\/wp-content\/uploads\/2025\/07\/custoza-1-12x12.webp 12w\" sizes=\"auto, (max-width: 640px) 100vw, 640px\" loading=\"lazy\">\n          \n                  <\/figure>\n      <\/a>\n\n                \n      <a class=\"ee-gallery-item ee-gallery-item--image ee-gallery-item--single\" href=\"https:\/\/gardarelais.demosmartsite.com\/wp-content\/uploads\/2025\/07\/custoza-3.webp\"  data-sub-html=\"<span><\/span>\" data-category=\"1\"                  data-lg-size=\"640-640\"\n\n      >\n        <figure class=\"ee-gallery-item-figure\">\n                        <img decoding=\"async\" class=\"breakdance-image-object\" src=\"https:\/\/gardarelais.demosmartsite.com\/wp-content\/uploads\/2025\/07\/custoza-3.webp\" width=\"640\" height=\"640\" srcset=\"https:\/\/gardarelais.demosmartsite.com\/wp-content\/uploads\/2025\/07\/custoza-3.webp 640w, https:\/\/gardarelais.demosmartsite.com\/wp-content\/uploads\/2025\/07\/custoza-3-300x300.webp 300w, https:\/\/gardarelais.demosmartsite.com\/wp-content\/uploads\/2025\/07\/custoza-3-150x150.webp 150w, https:\/\/gardarelais.demosmartsite.com\/wp-content\/uploads\/2025\/07\/custoza-3-12x12.webp 12w\" sizes=\"auto, (max-width: 640px) 100vw, 640px\" loading=\"lazy\">\n          \n                  <\/figure>\n      <\/a>\n\n                \n      <a class=\"ee-gallery-item ee-gallery-item--image ee-gallery-item--single\" href=\"https:\/\/gardarelais.demosmartsite.com\/wp-content\/uploads\/2025\/07\/custoza.webp\"  data-sub-html=\"<span><\/span>\" data-category=\"1\"                  data-lg-size=\"640-640\"\n\n      >\n        <figure class=\"ee-gallery-item-figure\">\n                        <img decoding=\"async\" class=\"breakdance-image-object\" src=\"https:\/\/gardarelais.demosmartsite.com\/wp-content\/uploads\/2025\/07\/custoza.webp\" width=\"640\" height=\"640\" srcset=\"https:\/\/gardarelais.demosmartsite.com\/wp-content\/uploads\/2025\/07\/custoza.webp 640w, https:\/\/gardarelais.demosmartsite.com\/wp-content\/uploads\/2025\/07\/custoza-300x300.webp 300w, https:\/\/gardarelais.demosmartsite.com\/wp-content\/uploads\/2025\/07\/custoza-150x150.webp 150w, https:\/\/gardarelais.demosmartsite.com\/wp-content\/uploads\/2025\/07\/custoza-12x12.webp 12w\" sizes=\"auto, (max-width: 640px) 100vw, 640px\" loading=\"lazy\">\n          \n                  <\/figure>\n      <\/a>\n\n      \n  <\/div>\n\n\n\n<\/div><\/div>\n<\/section><section class=\"bde-section-780-123 bde-section\">\n  \n  \n\t\n\n\n\n<div class=\"section-container\"><div class=\"bde-columns-780-124 bde-columns\"><div class=\"bde-column-780-125 bde-column\">\n  \n  \n\t\n\n\n\n<h5 class=\"bde-heading-780-127 bde-heading\">\nWeinkellereien\/Brennereien\/Brauereien entlang der Strecke<br>\n<\/h5><div class=\"bde-icon-list-780-128 bde-icon-list\">\n<ul>\n  \n              \n    <li>\n                      \n            \n            \n\n    \n    \n    \n    \n    \n    <a class=\"breakdance-link bde-icon-list__item-wrapper\" href=\"https:\/\/maps.app.goo.gl\/zxvxse2moMujXkCJ9\" target=\"_blank\" data-type=\"url\"  >\n\n      \n      <span class='bde-icon-list__icon'>\n        <svg xmlns=\"http:\/\/www.w3.org\/2000\/svg\" viewbox=\"0 0 320 512\"><!--! Font Awesome Free 6.5.1 by @fontawesome - https:\/\/fontawesome.com License - https:\/\/fontawesome.com\/license\/free (Icons: CC BY 4.0, Fonts: SIL OFL 1.1, Code: MIT License) Copyright 2023 Fonticons, Inc. --><path d=\"M16 144a144 144 0 1 1 288 0A144 144 0 1 1 16 144zM160 80c8.8 0 16-7.2 16-16s-7.2-16-16-16c-53 0-96 43-96 96c0 8.8 7.2 16 16 16s16-7.2 16-16c0-35.3 28.7-64 64-64zM128 480V317.1c10.4 1.9 21.1 2.9 32 2.9s21.6-1 32-2.9V480c0 17.7-14.3 32-32 32s-32-14.3-32-32z\"\/><\/svg>\n      <\/span>\n      <span class='bde-icon-list__text' >\n      Zamuner (Sona)\n      <\/span>\n                  <\/a>\n\n      \n    <\/li>\n\n  \n              \n    <li>\n                      \n            \n            \n\n    \n    \n    \n    \n    \n    <a class=\"breakdance-link bde-icon-list__item-wrapper\" href=\"https:\/\/maps.app.goo.gl\/uPnHFcnZwYQw3ySVA\" target=\"_blank\" data-type=\"url\"  >\n\n      \n      <span class='bde-icon-list__icon'>\n        <svg xmlns=\"http:\/\/www.w3.org\/2000\/svg\" viewbox=\"0 0 320 512\"><!--! Font Awesome Free 6.5.1 by @fontawesome - https:\/\/fontawesome.com License - https:\/\/fontawesome.com\/license\/free (Icons: CC BY 4.0, Fonts: SIL OFL 1.1, Code: MIT License) Copyright 2023 Fonticons, Inc. --><path d=\"M16 144a144 144 0 1 1 288 0A144 144 0 1 1 16 144zM160 80c8.8 0 16-7.2 16-16s-7.2-16-16-16c-53 0-96 43-96 96c0 8.8 7.2 16 16 16s16-7.2 16-16c0-35.3 28.7-64 64-64zM128 480V317.1c10.4 1.9 21.1 2.9 32 2.9s21.6-1 32-2.9V480c0 17.7-14.3 32-32 32s-32-14.3-32-32z\"\/><\/svg>\n      <\/span>\n      <span class='bde-icon-list__text' >\n      Antica Corte Bagolina (Sommacampagna)\n      <\/span>\n                  <\/a>\n\n      \n    <\/li>\n\n  \n              \n    <li>\n                      \n            \n            \n\n    \n    \n    \n    \n    \n    <a class=\"breakdance-link bde-icon-list__item-wrapper\" href=\"https:\/\/maps.app.goo.gl\/KGxxCRzjBi2bCb8ZA\" target=\"_blank\" data-type=\"url\"  >\n\n      \n      <span class='bde-icon-list__icon'>\n        <svg xmlns=\"http:\/\/www.w3.org\/2000\/svg\" viewbox=\"0 0 320 512\"><!--! Font Awesome Free 6.5.1 by @fontawesome - https:\/\/fontawesome.com License - https:\/\/fontawesome.com\/license\/free (Icons: CC BY 4.0, Fonts: SIL OFL 1.1, Code: MIT License) Copyright 2023 Fonticons, Inc. --><path d=\"M16 144a144 144 0 1 1 288 0A144 144 0 1 1 16 144zM160 80c8.8 0 16-7.2 16-16s-7.2-16-16-16c-53 0-96 43-96 96c0 8.8 7.2 16 16 16s16-7.2 16-16c0-35.3 28.7-64 64-64zM128 480V317.1c10.4 1.9 21.1 2.9 32 2.9s21.6-1 32-2.9V480c0 17.7-14.3 32-32 32s-32-14.3-32-32z\"\/><\/svg>\n      <\/span>\n      <span class='bde-icon-list__text' >\n      Aldo Adami (Custoza)\n      <\/span>\n                  <\/a>\n\n      \n    <\/li>\n\n  \n              \n    <li>\n                      \n            \n            \n\n    \n    \n    \n    \n    \n    <a class=\"breakdance-link bde-icon-list__item-wrapper\" href=\"https:\/\/maps.app.goo.gl\/i9t6V2K7dNBPQTkd6\" target=\"_blank\" data-type=\"url\"  >\n\n      \n      <span class='bde-icon-list__icon'>\n        <svg xmlns=\"http:\/\/www.w3.org\/2000\/svg\" viewbox=\"0 0 320 512\"><!--! Font Awesome Free 6.5.1 by @fontawesome - https:\/\/fontawesome.com License - https:\/\/fontawesome.com\/license\/free (Icons: CC BY 4.0, Fonts: SIL OFL 1.1, Code: MIT License) Copyright 2023 Fonticons, Inc. --><path d=\"M16 144a144 144 0 1 1 288 0A144 144 0 1 1 16 144zM160 80c8.8 0 16-7.2 16-16s-7.2-16-16-16c-53 0-96 43-96 96c0 8.8 7.2 16 16 16s16-7.2 16-16c0-35.3 28.7-64 64-64zM128 480V317.1c10.4 1.9 21.1 2.9 32 2.9s21.6-1 32-2.9V480c0 17.7-14.3 32-32 32s-32-14.3-32-32z\"\/><\/svg>\n      <\/span>\n      <span class='bde-icon-list__text' >\n      Tamburino Sardo (Custoza)\n      <\/span>\n                  <\/a>\n\n      \n    <\/li>\n\n  <\/ul>\n\n<\/div><h5 class=\"bde-heading-780-129 bde-heading\">\nWo man entlang der Route essen kann<br>\n<\/h5><div class=\"bde-icon-list-780-130 bde-icon-list\">\n<ul>\n  \n              \n    <li>\n                      \n            \n            \n\n    \n    \n    \n    \n    \n    <a class=\"breakdance-link bde-icon-list__item-wrapper\" href=\"https:\/\/maps.app.goo.gl\/MusvxxpE9dnoYFCE6\" target=\"_blank\" data-type=\"url\"  >\n\n      \n      <span class='bde-icon-list__icon'>\n        <svg xmlns=\"http:\/\/www.w3.org\/2000\/svg\" viewbox=\"0 0 320 512\"><!--! Font Awesome Free 6.5.1 by @fontawesome - https:\/\/fontawesome.com License - https:\/\/fontawesome.com\/license\/free (Icons: CC BY 4.0, Fonts: SIL OFL 1.1, Code: MIT License) Copyright 2023 Fonticons, Inc. --><path d=\"M16 144a144 144 0 1 1 288 0A144 144 0 1 1 16 144zM160 80c8.8 0 16-7.2 16-16s-7.2-16-16-16c-53 0-96 43-96 96c0 8.8 7.2 16 16 16s16-7.2 16-16c0-35.3 28.7-64 64-64zM128 480V317.1c10.4 1.9 21.1 2.9 32 2.9s21.6-1 32-2.9V480c0 17.7-14.3 32-32 32s-32-14.3-32-32z\"\/><\/svg>\n      <\/span>\n      <span class='bde-icon-list__text' >\n      Antica Trattoria La Grotta (Santa Lucia - \u20ac30\/40)\n      <\/span>\n                  <\/a>\n\n      \n    <\/li>\n\n  \n              \n    <li>\n                      \n            \n            \n\n    \n    \n    \n    \n    \n    <a class=\"breakdance-link bde-icon-list__item-wrapper\" href=\"https:\/\/maps.app.goo.gl\/t1ZCoYAiJKbBVQGH9\" target=\"_blank\" data-type=\"url\"  >\n\n      \n      <span class='bde-icon-list__icon'>\n        <svg xmlns=\"http:\/\/www.w3.org\/2000\/svg\" viewbox=\"0 0 320 512\"><!--! Font Awesome Free 6.5.1 by @fontawesome - https:\/\/fontawesome.com License - https:\/\/fontawesome.com\/license\/free (Icons: CC BY 4.0, Fonts: SIL OFL 1.1, Code: MIT License) Copyright 2023 Fonticons, Inc. --><path d=\"M16 144a144 144 0 1 1 288 0A144 144 0 1 1 16 144zM160 80c8.8 0 16-7.2 16-16s-7.2-16-16-16c-53 0-96 43-96 96c0 8.8 7.2 16 16 16s16-7.2 16-16c0-35.3 28.7-64 64-64zM128 480V317.1c10.4 1.9 21.1 2.9 32 2.9s21.6-1 32-2.9V480c0 17.7-14.3 32-32 32s-32-14.3-32-32z\"\/><\/svg>\n      <\/span>\n      <span class='bde-icon-list__text' >\n      Locanda Belvedere (Santa Lucia - \u20ac30\/40)\n      <\/span>\n                  <\/a>\n\n      \n    <\/li>\n\n  \n              \n    <li>\n                      \n            \n            \n\n    \n    \n    \n    \n    \n    <a class=\"breakdance-link bde-icon-list__item-wrapper\" href=\"https:\/\/maps.app.goo.gl\/hXDwXXkAMVH1JEkA8\" target=\"_blank\" data-type=\"url\"  >\n\n      \n      <span class='bde-icon-list__icon'>\n        <svg xmlns=\"http:\/\/www.w3.org\/2000\/svg\" viewbox=\"0 0 320 512\"><!--! Font Awesome Free 6.5.1 by @fontawesome - https:\/\/fontawesome.com License - https:\/\/fontawesome.com\/license\/free (Icons: CC BY 4.0, Fonts: SIL OFL 1.1, Code: MIT License) Copyright 2023 Fonticons, Inc. --><path d=\"M16 144a144 144 0 1 1 288 0A144 144 0 1 1 16 144zM160 80c8.8 0 16-7.2 16-16s-7.2-16-16-16c-53 0-96 43-96 96c0 8.8 7.2 16 16 16s16-7.2 16-16c0-35.3 28.7-64 64-64zM128 480V317.1c10.4 1.9 21.1 2.9 32 2.9s21.6-1 32-2.9V480c0 17.7-14.3 32-32 32s-32-14.3-32-32z\"\/><\/svg>\n      <\/span>\n      <span class='bde-icon-list__text' >\n      Trattoria Ai Colli Storici (Custoza - \u20ac30\/40)\n      <\/span>\n                  <\/a>\n\n      \n    <\/li>\n\n  \n              \n    <li>\n                      \n            \n            \n\n    \n    \n    \n    \n    \n    <a class=\"breakdance-link bde-icon-list__item-wrapper\" href=\"https:\/\/maps.app.goo.gl\/vi6bkSsh5bDTBSEE8\" target=\"_blank\" data-type=\"url\"  >\n\n      \n      <span class='bde-icon-list__icon'>\n        <svg xmlns=\"http:\/\/www.w3.org\/2000\/svg\" viewbox=\"0 0 320 512\"><!--! Font Awesome Free 6.5.1 by @fontawesome - https:\/\/fontawesome.com License - https:\/\/fontawesome.com\/license\/free (Icons: CC BY 4.0, Fonts: SIL OFL 1.1, Code: MIT License) Copyright 2023 Fonticons, Inc. --><path d=\"M16 144a144 144 0 1 1 288 0A144 144 0 1 1 16 144zM160 80c8.8 0 16-7.2 16-16s-7.2-16-16-16c-53 0-96 43-96 96c0 8.8 7.2 16 16 16s16-7.2 16-16c0-35.3 28.7-64 64-64zM128 480V317.1c10.4 1.9 21.1 2.9 32 2.9s21.6-1 32-2.9V480c0 17.7-14.3 32-32 32s-32-14.3-32-32z\"\/><\/svg>\n      <\/span>\n      <span class='bde-icon-list__text' >\n      Restaurant Tamburino Sardo (Custoza - \u20ac30\/40)\n      <\/span>\n                  <\/a>\n\n      \n    <\/li>\n\n  <\/ul>\n\n<\/div>\n<\/div><div class=\"bde-column-780-126 bde-column\">\n  \n  \n\t\n\n\n\n<div class=\"bde-code-block-780-109 bde-code-block\">\n\n  <iframe loading=\"lazy\" style=\"width:100%\" src=\"https:\/\/www.google.com\/maps\/d\/embed?mid=1EhBF6uI1oQyaASfEvVTgTa8v6FejtJg&ehbc=2E312F\" width=\"640\" height=\"480\"><\/iframe>\n\n\n<\/div>\n<\/div><\/div><\/div>\n<\/section>","protected":false},"excerpt":{"rendered":"<p>* COLLINE DI CUSTOZA Tra vigneti e storia, nell\u2019entroterra del Lago di GardaLuminose e spaziose, tutte le camere del Living Hotel sono dotate di aria condizionata, arredi contemporanei e pavimenti in parquet. Scopri le gemme nascoste delle Colline di Custoza. Pedalare attraverso un paesaggio bucolico che fonde in modo armonioso filari di vite ed evidenze [&hellip;]<\/p>","protected":false},"author":3,"featured_media":0,"parent":462,"menu_order":0,"comment_status":"closed","ping_status":"closed","template":"","meta":{"_breakdance_hide_in_design_set":false,"_breakdance_tags":"","footnotes":""},"class_list":["post-780","page","type-page","status-publish","hentry"],"_links":{"self":[{"href":"https:\/\/gardarelais.demosmartsite.com\/de\/wp-json\/wp\/v2\/pages\/780","targetHints":{"allow":["GET"]}}],"collection":[{"href":"https:\/\/gardarelais.demosmartsite.com\/de\/wp-json\/wp\/v2\/pages"}],"about":[{"href":"https:\/\/gardarelais.demosmartsite.com\/de\/wp-json\/wp\/v2\/types\/page"}],"author":[{"embeddable":true,"href":"https:\/\/gardarelais.demosmartsite.com\/de\/wp-json\/wp\/v2\/users\/3"}],"replies":[{"embeddable":true,"href":"https:\/\/gardarelais.demosmartsite.com\/de\/wp-json\/wp\/v2\/comments?post=780"}],"version-history":[{"count":31,"href":"https:\/\/gardarelais.demosmartsite.com\/de\/wp-json\/wp\/v2\/pages\/780\/revisions"}],"predecessor-version":[{"id":930,"href":"https:\/\/gardarelais.demosmartsite.com\/de\/wp-json\/wp\/v2\/pages\/780\/revisions\/930"}],"up":[{"embeddable":true,"href":"https:\/\/gardarelais.demosmartsite.com\/de\/wp-json\/wp\/v2\/pages\/462"}],"wp:attachment":[{"href":"https:\/\/gardarelais.demosmartsite.com\/de\/wp-json\/wp\/v2\/media?parent=780"}],"curies":[{"name":"wp","href":"https:\/\/api.w.org\/{rel}","templated":true}]}}