{"id":468,"date":"2025-07-10T10:04:23","date_gmt":"2025-07-10T08:04:23","guid":{"rendered":"https:\/\/gardarelais.demosmartsite.com\/?page_id=468"},"modified":"2025-07-15T10:17:47","modified_gmt":"2025-07-15T08:17:47","slug":"nachhaltigkeit","status":"publish","type":"page","link":"https:\/\/gardarelais.demosmartsite.com\/de\/nachhaltigkeit\/","title":{"rendered":"Nachhaltigkeit"},"content":{"rendered":"<section class=\"bde-section-468-100 bde-section\">\n              \n  \n  \n\t\n\n  <div class=\"section-background-overlay\"><\/div>\n\n\n<div class=\"section-container\"><h1 class=\"bde-heading-468-101 bde-heading\">\n* Nachhaltigkeit\n<\/h1><div class=\"bde-text-468-102 bde-text\">\nWir glauben an echte \u00f6kologische Nachhaltigkeit. Reisen und Gastfreundschaft haben Auswirkungen auf die Umwelt, und wir wollen unseren Teil dazu beitragen.\n<\/div><\/div>\n<\/section><section class=\"bde-section-468-103 bde-section\">\n  \n  \n\t\n\n\n\n<div class=\"section-container\"><div class=\"bde-columns-468-104 bde-columns\"><div class=\"bde-column-468-105 bde-column\">\n  \n  \n\t\n\n\n\n<div class=\"bde-text-468-106 bde-text\">\nUNSERE MISSION<br>\n<\/div><h2 class=\"bde-heading-468-107 bde-heading\">\nT\u00e4gliche Ma\u00dfnahmen zur Verringerung der Umweltbelastung.\n<\/h2><div class=\"bde-text-468-108 bde-text\">\nWir freuen uns, Ihnen mitteilen zu k\u00f6nnen, dass Sie durch Ihre Buchung in unseren Einrichtungen Ihren Teil dazu beitragen k\u00f6nnen, die Auswirkungen des Reisens auf die Umwelt zu verringern, da wir der festen \u00dcberzeugung sind, dass unsere Heimat (der Planet Erde) erhalten werden muss.\n<\/div><div class=\"bde-grid-468-109 bde-grid\">\n  \n  \n\t\n\n\n\n<div class=\"bde-image-box-468-110 bde-image-box\">\n<div class=\"ee-imagebox-image\">\n  <img loading=\"lazy\" decoding=\"async\" class=\"breakdance-image-object\" src=\"https:\/\/gardarelais.demosmartsite.com\/wp-content\/uploads\/2025\/07\/paperless.webp\" width=\"501\" height=\"500\" srcset=\"https:\/\/gardarelais.demosmartsite.com\/wp-content\/uploads\/2025\/07\/paperless.webp 501w, https:\/\/gardarelais.demosmartsite.com\/wp-content\/uploads\/2025\/07\/paperless-300x300.webp 300w, https:\/\/gardarelais.demosmartsite.com\/wp-content\/uploads\/2025\/07\/paperless-150x150.webp 150w, https:\/\/gardarelais.demosmartsite.com\/wp-content\/uploads\/2025\/07\/paperless-12x12.webp 12w\" sizes=\"auto, (max-width: 501px) 100vw, 501px\">\n<\/div>\n<div class=\"ee-imagebox-content\">\n      <p class=\"ee-imagebox-title bde-h3\" >PAPIERLOS<\/p>\n    \n    \n  <\/div>\n\n<\/div><div class=\"bde-image-box-468-111 bde-image-box\">\n<div class=\"ee-imagebox-image\">\n  <img loading=\"lazy\" decoding=\"async\" class=\"breakdance-image-object\" src=\"https:\/\/gardarelais.demosmartsite.com\/wp-content\/uploads\/2025\/07\/autosufficienza-energetica.webp\" width=\"391\" height=\"500\" srcset=\"https:\/\/gardarelais.demosmartsite.com\/wp-content\/uploads\/2025\/07\/autosufficienza-energetica.webp 391w, https:\/\/gardarelais.demosmartsite.com\/wp-content\/uploads\/2025\/07\/autosufficienza-energetica-235x300.webp 235w, https:\/\/gardarelais.demosmartsite.com\/wp-content\/uploads\/2025\/07\/autosufficienza-energetica-9x12.webp 9w\" sizes=\"auto, (max-width: 391px) 100vw, 391px\">\n<\/div>\n<div class=\"ee-imagebox-content\">\n      <p class=\"ee-imagebox-title bde-h3\" >AUTONOMIE<br>ENERGETIK<\/p>\n    \n    \n  <\/div>\n\n<\/div><div class=\"bde-image-box-468-112 bde-image-box\">\n<div class=\"ee-imagebox-image\">\n  <img loading=\"lazy\" decoding=\"async\" class=\"breakdance-image-object\" src=\"https:\/\/gardarelais.demosmartsite.com\/wp-content\/uploads\/2025\/07\/plastic-free.webp\" width=\"500\" height=\"500\" srcset=\"https:\/\/gardarelais.demosmartsite.com\/wp-content\/uploads\/2025\/07\/plastic-free.webp 500w, https:\/\/gardarelais.demosmartsite.com\/wp-content\/uploads\/2025\/07\/plastic-free-300x300.webp 300w, https:\/\/gardarelais.demosmartsite.com\/wp-content\/uploads\/2025\/07\/plastic-free-150x150.webp 150w, https:\/\/gardarelais.demosmartsite.com\/wp-content\/uploads\/2025\/07\/plastic-free-12x12.webp 12w\" sizes=\"auto, (max-width: 500px) 100vw, 500px\">\n<\/div>\n<div class=\"ee-imagebox-content\">\n      <p class=\"ee-imagebox-title bde-h3\" >KUNSTSTOFF<br>KOSTENLOS<\/p>\n    \n    \n  <\/div>\n\n<\/div><div class=\"bde-image-box-468-113 bde-image-box\">\n<div class=\"ee-imagebox-image\">\n  <img loading=\"lazy\" decoding=\"async\" class=\"breakdance-image-object\" src=\"https:\/\/gardarelais.demosmartsite.com\/wp-content\/uploads\/2025\/07\/riduzione-consumo-acqua.webp\" width=\"500\" height=\"474\" srcset=\"https:\/\/gardarelais.demosmartsite.com\/wp-content\/uploads\/2025\/07\/riduzione-consumo-acqua.webp 500w, https:\/\/gardarelais.demosmartsite.com\/wp-content\/uploads\/2025\/07\/riduzione-consumo-acqua-300x284.webp 300w, https:\/\/gardarelais.demosmartsite.com\/wp-content\/uploads\/2025\/07\/riduzione-consumo-acqua-13x12.webp 13w\" sizes=\"auto, (max-width: 500px) 100vw, 500px\">\n<\/div>\n<div class=\"ee-imagebox-content\">\n      <p class=\"ee-imagebox-title bde-h3\" >WASSERVERBRAUCH<br>REDUZIERT<\/p>\n    \n    \n  <\/div>\n\n<\/div><div class=\"bde-image-box-468-114 bde-image-box\">\n<div class=\"ee-imagebox-image\">\n  <img loading=\"lazy\" decoding=\"async\" class=\"breakdance-image-object\" src=\"https:\/\/gardarelais.demosmartsite.com\/wp-content\/uploads\/2025\/07\/carbon-neutrality.webp\" width=\"365\" height=\"500\" srcset=\"https:\/\/gardarelais.demosmartsite.com\/wp-content\/uploads\/2025\/07\/carbon-neutrality.webp 365w, https:\/\/gardarelais.demosmartsite.com\/wp-content\/uploads\/2025\/07\/carbon-neutrality-219x300.webp 219w, https:\/\/gardarelais.demosmartsite.com\/wp-content\/uploads\/2025\/07\/carbon-neutrality-9x12.webp 9w\" sizes=\"auto, (max-width: 365px) 100vw, 365px\">\n<\/div>\n<div class=\"ee-imagebox-content\">\n      <p class=\"ee-imagebox-title bde-h3\" >KARBON<br>NEUTRALIT\u00c4T<\/p>\n    \n    \n  <\/div>\n\n<\/div><div class=\"bde-image-box-468-115 bde-image-box\">\n<div class=\"ee-imagebox-image\">\n  <img loading=\"lazy\" decoding=\"async\" class=\"breakdance-image-object\" src=\"https:\/\/gardarelais.demosmartsite.com\/wp-content\/uploads\/2025\/07\/riduzione-sprechi.webp\" width=\"485\" height=\"500\" srcset=\"https:\/\/gardarelais.demosmartsite.com\/wp-content\/uploads\/2025\/07\/riduzione-sprechi.webp 485w, https:\/\/gardarelais.demosmartsite.com\/wp-content\/uploads\/2025\/07\/riduzione-sprechi-291x300.webp 291w, https:\/\/gardarelais.demosmartsite.com\/wp-content\/uploads\/2025\/07\/riduzione-sprechi-12x12.webp 12w\" sizes=\"auto, (max-width: 485px) 100vw, 485px\">\n<\/div>\n<div class=\"ee-imagebox-content\">\n      <p class=\"ee-imagebox-title bde-h3\" >REDUKTION<br>ABFALL<\/p>\n    \n    \n  <\/div>\n\n<\/div>\n<\/div>\n<\/div><div class=\"bde-column-468-123 bde-column\" data-entrance=\"slideUp\">\n  \n  \n\t\n\n\n\n\n<\/div><\/div><\/div>\n<\/section><section class=\"bde-section-468-141 bde-section\">\n  \n  \n\t\n\n\n\n<div class=\"section-container\"><div class=\"bde-rich-text-468-142 bde-rich-text breakdance-rich-text-styles\">\n<p>Machen Sie sich eine freundlichere Art des Reisens zu eigen, die den Planeten, den Sie erkunden, respektiert. Schlie\u00dflich sind Sie im Urlaub, aber Sie befinden sich immer noch auf der Erde, unserem Zuhause. Lassen Sie uns daf\u00fcr sorgen, dass sie f\u00fcr k\u00fcnftige Generationen gesund bleibt.<\/p>\n<\/div><\/div>\n<\/section><section class=\"bde-section-468-143 bde-section\">\n  \n  \n\t\n\n\n\n<div class=\"section-container\"><div class=\"bde-columns-468-126 bde-columns\"><div class=\"bde-column-468-139 bde-column\" data-entrance=\"slideUp\">\n  \n  \n\t\n\n\n\n\n<\/div><div class=\"bde-column-468-127 bde-column\">\n  \n  \n\t\n\n\n\n<h2 class=\"bde-heading-468-129 bde-heading\">\n\n<\/h2><img decoding=\"async\" class=\"bde-image2-468-140 bde-image2\" src=\"https:\/\/gardarelais.demosmartsite.com\/wp-content\/uploads\/2025\/07\/truly-italy2x.webp\" loading=\"lazy\" srcset=\"https:\/\/gardarelais.demosmartsite.com\/wp-content\/uploads\/2025\/07\/truly-italy2x.webp 668w, https:\/\/gardarelais.demosmartsite.com\/wp-content\/uploads\/2025\/07\/truly-italy2x-300x59.webp 300w, https:\/\/gardarelais.demosmartsite.com\/wp-content\/uploads\/2025\/07\/truly-italy2x-18x4.webp 18w\" sizes=\"(max-width: 668px) 100vw, 668px\"><div class=\"bde-text-468-130 bde-text\">\nBei Truly Italy haben wir uns verpflichtet:\n<\/div><div class=\"bde-icon-list-468-131 bde-icon-list\">\n<ul>\n  \n              \n    <li>\n              <div class='bde-icon-list__item-wrapper'>\n      \n      <span class='bde-icon-list__icon'>\n        <svg xmlns=\"http:\/\/www.w3.org\/2000\/svg\" viewbox=\"0 0 448 512\"><!--! Font Awesome Free 6.5.1 by @fontawesome - https:\/\/fontawesome.com License - https:\/\/fontawesome.com\/license\/free (Icons: CC BY 4.0, Fonts: SIL OFL 1.1, Code: MIT License) Copyright 2023 Fonticons, Inc. --><path d=\"M438.6 105.4c12.5 12.5 12.5 32.8 0 45.3l-256 256c-12.5 12.5-32.8 12.5-45.3 0l-128-128c-12.5-12.5-12.5-32.8 0-45.3s32.8-12.5 45.3 0L160 338.7 393.4 105.4c12.5-12.5 32.8-12.5 45.3 0z\"\/><\/svg>\n      <\/span>\n      <span class='bde-icon-list__text' >\n      Vermeiden Sie die Verwendung von Papier, wenn es nicht notwendig ist.\n      <\/span>\n              <\/div>\n      \n    <\/li>\n\n  \n              \n    <li>\n              <div class='bde-icon-list__item-wrapper'>\n      \n      <span class='bde-icon-list__icon'>\n        <svg xmlns=\"http:\/\/www.w3.org\/2000\/svg\" viewbox=\"0 0 448 512\"><!--! Font Awesome Free 6.5.1 by @fontawesome - https:\/\/fontawesome.com License - https:\/\/fontawesome.com\/license\/free (Icons: CC BY 4.0, Fonts: SIL OFL 1.1, Code: MIT License) Copyright 2023 Fonticons, Inc. --><path d=\"M438.6 105.4c12.5 12.5 12.5 32.8 0 45.3l-256 256c-12.5 12.5-32.8 12.5-45.3 0l-128-128c-12.5-12.5-12.5-32.8 0-45.3s32.8-12.5 45.3 0L160 338.7 393.4 105.4c12.5-12.5 32.8-12.5 45.3 0z\"\/><\/svg>\n      <\/span>\n      <span class='bde-icon-list__text' >\n      Schlagen Sie den Weg der Energieautarkie ein (wenn m\u00f6glich mit Sonnenkollektoren).\n      <\/span>\n              <\/div>\n      \n    <\/li>\n\n  \n              \n    <li>\n              <div class='bde-icon-list__item-wrapper'>\n      \n      <span class='bde-icon-list__icon'>\n        <svg xmlns=\"http:\/\/www.w3.org\/2000\/svg\" viewbox=\"0 0 448 512\"><!--! Font Awesome Free 6.5.1 by @fontawesome - https:\/\/fontawesome.com License - https:\/\/fontawesome.com\/license\/free (Icons: CC BY 4.0, Fonts: SIL OFL 1.1, Code: MIT License) Copyright 2023 Fonticons, Inc. --><path d=\"M438.6 105.4c12.5 12.5 12.5 32.8 0 45.3l-256 256c-12.5 12.5-32.8 12.5-45.3 0l-128-128c-12.5-12.5-12.5-32.8 0-45.3s32.8-12.5 45.3 0L160 338.7 393.4 105.4c12.5-12.5 32.8-12.5 45.3 0z\"\/><\/svg>\n      <\/span>\n      <span class='bde-icon-list__text' >\n      Verzichten Sie auf den t\u00e4glichen Handtuchwechsel und die \u00fcberm\u00e4\u00dfige Reinigung der Zimmer, um den t\u00e4glichen Wasserverbrauch zu senken: Bis 2030 k\u00f6nnten die 40% der Welt unter Wasserstress leiden, wenn wir nicht anfangen, mehr Verantwortung zu \u00fcbernehmen.\n      <\/span>\n              <\/div>\n      \n    <\/li>\n\n  \n              \n    <li>\n              <div class='bde-icon-list__item-wrapper'>\n      \n      <span class='bde-icon-list__icon'>\n        <svg xmlns=\"http:\/\/www.w3.org\/2000\/svg\" viewbox=\"0 0 448 512\"><!--! Font Awesome Free 6.5.1 by @fontawesome - https:\/\/fontawesome.com License - https:\/\/fontawesome.com\/license\/free (Icons: CC BY 4.0, Fonts: SIL OFL 1.1, Code: MIT License) Copyright 2023 Fonticons, Inc. --><path d=\"M438.6 105.4c12.5 12.5 12.5 32.8 0 45.3l-256 256c-12.5 12.5-32.8 12.5-45.3 0l-128-128c-12.5-12.5-12.5-32.8 0-45.3s32.8-12.5 45.3 0L160 338.7 393.4 105.4c12.5-12.5 32.8-12.5 45.3 0z\"\/><\/svg>\n      <\/span>\n      <span class='bde-icon-list__text' >\n      Plastikfrei sein\n      <\/span>\n              <\/div>\n      \n    <\/li>\n\n  \n              \n    <li>\n              <div class='bde-icon-list__item-wrapper'>\n      \n      <span class='bde-icon-list__icon'>\n        <svg xmlns=\"http:\/\/www.w3.org\/2000\/svg\" viewbox=\"0 0 448 512\"><!--! Font Awesome Free 6.5.1 by @fontawesome - https:\/\/fontawesome.com License - https:\/\/fontawesome.com\/license\/free (Icons: CC BY 4.0, Fonts: SIL OFL 1.1, Code: MIT License) Copyright 2023 Fonticons, Inc. --><path d=\"M438.6 105.4c12.5 12.5 12.5 32.8 0 45.3l-256 256c-12.5 12.5-32.8 12.5-45.3 0l-128-128c-12.5-12.5-12.5-32.8 0-45.3s32.8-12.5 45.3 0L160 338.7 393.4 105.4c12.5-12.5 32.8-12.5 45.3 0z\"\/><\/svg>\n      <\/span>\n      <span class='bde-icon-list__text' >\n      Wir legen Wert auf Abfallvermeidung, deshalb ist unser Serviceangebot so minimalistisch wie m\u00f6glich gestaltet: um Abfall zu vermeiden (wenn Sie etwas anderes brauchen als das, was in Ihrem Zimmer vorhanden ist, fragen Sie an unserer Rezeption!) Kleine Ver\u00e4nderungen k\u00f6nnen eine gro\u00dfe Wirkung auf unseren Planeten haben.\n      <\/span>\n              <\/div>\n      \n    <\/li>\n\n  \n              \n    <li>\n              <div class='bde-icon-list__item-wrapper'>\n      \n      <span class='bde-icon-list__icon'>\n        <svg xmlns=\"http:\/\/www.w3.org\/2000\/svg\" viewbox=\"0 0 448 512\"><!--! Font Awesome Free 6.5.1 by @fontawesome - https:\/\/fontawesome.com License - https:\/\/fontawesome.com\/license\/free (Icons: CC BY 4.0, Fonts: SIL OFL 1.1, Code: MIT License) Copyright 2023 Fonticons, Inc. --><path d=\"M438.6 105.4c12.5 12.5 12.5 32.8 0 45.3l-256 256c-12.5 12.5-32.8 12.5-45.3 0l-128-128c-12.5-12.5-12.5-32.8 0-45.3s32.8-12.5 45.3 0L160 338.7 393.4 105.4c12.5-12.5 32.8-12.5 45.3 0z\"\/><\/svg>\n      <\/span>\n      <span class='bde-icon-list__text' >\n      Wir arbeiten daran, unseren CO2-Fu\u00dfabdruck zu verringern, indem wir in Zusammenarbeit mit Up2You international zertifizierte Aufforstungsprojekte unterst\u00fctzen.\n      <\/span>\n              <\/div>\n      \n    <\/li>\n\n  <\/ul>\n\n<\/div>\n<\/div><\/div><\/div>\n<\/section>","protected":false},"excerpt":{"rendered":"<p>* Sostenibilit\u00e0 Crediamo nella vera ecosostenibilit\u00e0. I viaggi e l&#8217;ospitalit\u00e0 hanno un impatto sull&#8217;ambiente e noi vogliamo fare la nostra parte. LA NOSTRA MISSIONE Azioni quotidiane per ridurre l&#8217;impatto ambientale. Siamo felicissimi di condividere con te che, prenotando presso le nostre strutture, potrai fare la tua parte per ridurre l&#8217;impatto dei viaggi sull&#8217;ambiente, poich\u00e9 crediamo [&hellip;]<\/p>","protected":false},"author":3,"featured_media":0,"parent":0,"menu_order":0,"comment_status":"closed","ping_status":"closed","template":"","meta":{"_breakdance_hide_in_design_set":false,"_breakdance_tags":"","footnotes":""},"class_list":["post-468","page","type-page","status-publish","hentry"],"_links":{"self":[{"href":"https:\/\/gardarelais.demosmartsite.com\/de\/wp-json\/wp\/v2\/pages\/468","targetHints":{"allow":["GET"]}}],"collection":[{"href":"https:\/\/gardarelais.demosmartsite.com\/de\/wp-json\/wp\/v2\/pages"}],"about":[{"href":"https:\/\/gardarelais.demosmartsite.com\/de\/wp-json\/wp\/v2\/types\/page"}],"author":[{"embeddable":true,"href":"https:\/\/gardarelais.demosmartsite.com\/de\/wp-json\/wp\/v2\/users\/3"}],"replies":[{"embeddable":true,"href":"https:\/\/gardarelais.demosmartsite.com\/de\/wp-json\/wp\/v2\/comments?post=468"}],"version-history":[{"count":15,"href":"https:\/\/gardarelais.demosmartsite.com\/de\/wp-json\/wp\/v2\/pages\/468\/revisions"}],"predecessor-version":[{"id":929,"href":"https:\/\/gardarelais.demosmartsite.com\/de\/wp-json\/wp\/v2\/pages\/468\/revisions\/929"}],"wp:attachment":[{"href":"https:\/\/gardarelais.demosmartsite.com\/de\/wp-json\/wp\/v2\/media?parent=468"}],"curies":[{"name":"wp","href":"https:\/\/api.w.org\/{rel}","templated":true}]}}