{"id":464,"date":"2025-07-10T10:04:07","date_gmt":"2025-07-10T08:04:07","guid":{"rendered":"https:\/\/gardarelais.demosmartsite.com\/?page_id=464"},"modified":"2026-01-27T09:40:22","modified_gmt":"2026-01-27T08:40:22","slug":"aktivitaten","status":"publish","type":"page","link":"https:\/\/gardarelais.demosmartsite.com\/de\/aktivitaten\/","title":{"rendered":"Aktivit\u00e4ten"},"content":{"rendered":"<section class=\"bde-section-464-100 bde-section\">\n              \n  \n  \n\t\n\n  <div class=\"section-background-overlay\"><\/div>\n\n\n<div class=\"section-container\"><h1 class=\"bde-heading-464-101 bde-heading\">\n* Aktivit\u00e4ten\n<\/h1><div class=\"bde-text-464-102 bde-text\">\nF\u00fchrungen, Vergn\u00fcgungsparks und Vermietungen: der beste Ausgangspunkt f\u00fcr einen Besuch der Attraktionen des unteren Gardasees, in Zusammenarbeit mit GardaWay.\n<\/div><\/div>\n<\/section><section class=\"bde-section-464-103 bde-section\">\n  \n  \n\t\n\n\n\n<div class=\"section-container\"><div class=\"bde-columns-464-104 bde-columns\"><div class=\"bde-column-464-105 bde-column\">\n  \n  \n\t\n\n\n\n<div class=\"bde-text-464-106 bde-text\">\nGARDALAND, MOVIELAND PARK, CANEVAWORLD\n<\/div><h2 class=\"bde-heading-464-107 bde-heading\">\nBesuchen Sie die Vergn\u00fcgungsparks am unteren Gardasee \n<\/h2><div class=\"bde-text-464-108 bde-text\">\nDas Mod 05 liegt g\u00fcnstig im S\u00fcden des Gardasees, nur wenige Autominuten von den beliebtesten Vergn\u00fcgungsparks der Region entfernt: Gardaland, Movieland Park und Canevaworld sind alle leicht zu erreichen, und die Eintrittskarten k\u00f6nnen direkt im Hotel oder im Voraus gekauft werden.<br><br>Ob Sie nun den Adrenalinsto\u00df einer Achterbahn oder einen Tag Familienspa\u00df im Wasserpark suchen, unser Hotel ist die perfekte Wahl f\u00fcr Ihren Urlaub.<br><br>Wir freuen uns darauf, Sie im Mod 05 willkommen zu hei\u00dfen und Ihnen zu helfen, Ihren Aufenthalt am Gardasee optimal zu nutzen!\n<\/div><a class=\"bde-container-link-464-139 bde-container-link breakdance-link\" href=\"https:\/\/modfive.gardaway.it\/it\/categoria\/parchi-divertimento\" target=\"_blank\" data-type=\"url\">\n  \n  \n\t\n\n\n\n<div class=\"bde-text-464-140 bde-text\">\nTickets online buchen\n<\/div><div class=\"bde-icon-464-141 bde-icon\">\n\n    \n            <div class=\"bde-icon-icon breakdance-icon-atom\" >\n    \n                    <svg xmlns=\"http:\/\/www.w3.org\/2000\/svg\" width=\"83\" height=\"18\" viewbox=\"0 0 83 18\" fill=\"none\">\r\n<path d=\"M0.904785 9L80.0364 9.00001\" stroke=\"#151011\" stroke-width=\"3\"\/>\r\n<path d=\"M82.4837 8.63098C79.9004 8.22309 74.7337 6.10203 74.7337 0.880981\" stroke=\"#151011\" stroke-width=\"3\"\/>\r\n<path d=\"M82.4837 9.36902C79.9004 9.77691 74.7337 11.898 74.7337 17.119\" stroke=\"#151011\" stroke-width=\"3\"\/>\r\n<\/svg>\n        \n        \n        \n            <\/div>\n    \n\n\n<\/div>\n\n<\/a>\n<\/div><div class=\"bde-column-464-110 bde-column\" data-entrance=\"slideUp\">\n  \n  \n\t\n\n\n\n\n<\/div><\/div><\/div>\n<\/section><section class=\"bde-section-464-112 bde-section\">\n  \n  \n\t\n\n\n\n<div class=\"section-container\"><div class=\"bde-columns-464-113 bde-columns\"><div class=\"bde-column-464-119 bde-column\" data-entrance=\"slideUp\">\n  \n  \n\t\n\n\n\n\n<\/div><div class=\"bde-column-464-114 bde-column\">\n  \n  \n\t\n\n\n\n<div class=\"bde-text-464-115 bde-text\">\nVERMIETUNGSSERVICE\n<\/div><h2 class=\"bde-heading-464-116 bde-heading\">\nFahrr\u00e4der, Autos, Boote, Motorroller, um den Gardasee in Freiheit zu erleben.\n<\/h2><div class=\"bde-text-464-117 bde-text\">\nM\u00f6chten Sie den unteren Gardasee in v\u00f6lliger Freiheit erkunden? Im Mod05 Bike Hotel bieten wir Ihnen bequeme und vorteilhafte L\u00f6sungen dank unserer Vereinbarungen mit lokalen Partnern f\u00fcr den Verleih von Fahrr\u00e4dern, Autos, Transportern, Booten und Motorrollern.<br><br>Ob Sie mit dem Fahrrad durch die Mor\u00e4nenh\u00fcgel fahren, eine Bootsfahrt unternehmen, sich unabh\u00e4ngig durch die D\u00f6rfer des Gardasees bewegen oder eine Tour auf der Stra\u00dfe unternehmen wollen, Sie werden immer das Fahrzeug finden, das am besten zu Ihren Bed\u00fcrfnissen passt.<br><br>Zuverl\u00e4ssigkeit, g\u00fcnstige Tarife und engagierte Unterst\u00fctzung: Wir k\u00fcmmern uns um alles, Sie m\u00fcssen nur noch entscheiden, wohin Sie gehen.\n<\/div><a class=\"bde-container-link-464-142 bde-container-link breakdance-link\" href=\"https:\/\/modfive.gardaway.it\/it\/categoria\/noleggi\" target=\"_blank\" data-type=\"url\">\n  \n  \n\t\n\n\n\n<div class=\"bde-text-464-143 bde-text\">\nBuchen Sie Ihren Mietwagen online\n<\/div><div class=\"bde-icon-464-144 bde-icon\">\n\n    \n            <div class=\"bde-icon-icon breakdance-icon-atom\" >\n    \n                    <svg xmlns=\"http:\/\/www.w3.org\/2000\/svg\" width=\"83\" height=\"18\" viewbox=\"0 0 83 18\" fill=\"none\">\r\n<path d=\"M0.904785 9L80.0364 9.00001\" stroke=\"#151011\" stroke-width=\"3\"\/>\r\n<path d=\"M82.4837 8.63098C79.9004 8.22309 74.7337 6.10203 74.7337 0.880981\" stroke=\"#151011\" stroke-width=\"3\"\/>\r\n<path d=\"M82.4837 9.36902C79.9004 9.77691 74.7337 11.898 74.7337 17.119\" stroke=\"#151011\" stroke-width=\"3\"\/>\r\n<\/svg>\n        \n        \n        \n            <\/div>\n    \n\n\n<\/div>\n\n<\/a>\n<\/div><\/div><\/div>\n<\/section><section class=\"bde-section-464-148 bde-section\">\n  \n  \n\t\n\n\n\n<div class=\"section-container\"><div class=\"bde-code-block-464-149 bde-code-block\">\n\n  <script src=https:\/\/cdnjs.cloudflare.com\/ajax\/libs\/iframe-resizer\/4.1.1\/iframeResizer.min.js><\/script>\n\n<div>\n\n  <iframe\n\n    title=\"Live-Buchung\"\n\n    id=\"brm-online-booking\"\n\n    src=\"https:\/\/app.bikerentalmanager.com\/book.html?shop=minciobike&iframe_resizer=4.1.1\"    style=\"width: 1px; min-width: 100%\"\n\n    frameborder=\"no\"\n\n    scrolling=\"no\"\n\n  ><\/iframe>\n\n<\/div>\n\n<script type=\"text\/javascript\">\n\n  iFrameResize(\n\n    {\n\n      heightCalculationMethod: 'taggedElement',\n\n      checkOrigin: false,\n\n    },\n\n    '#brm-online-booking'\n\n  );\n\n<\/script>\n\n\n<\/div><\/div>\n<\/section><section class=\"bde-section-464-120 bde-section\">\n  \n  \n\t\n\n\n\n<div class=\"section-container\"><div class=\"bde-columns-464-121 bde-columns\"><div class=\"bde-column-464-122 bde-column\">\n  \n  \n\t\n\n\n\n<div class=\"bde-text-464-123 bde-text\">\nTouren und Erlebnisse\n<\/div><h2 class=\"bde-heading-464-124 bde-heading\">\nUnvergessliche Touren durch Natur, Geschmack und Kultur\n<\/h2><div class=\"bde-text-464-125 bde-text\">\nEntdecken Sie das Beste der Region mit den vom Mod05 Bike Hotel ausgew\u00e4hlten Erlebnissen! Wir bieten eine gro\u00dfe Auswahl an gef\u00fchrten Radtouren, aufregenden Bootstouren auf dem See, Panoramatouren mit dem Bus, kulinarische Routen zwischen Weinkellern und lokalen Aromen sowie kulturelle Besuche in herrlichen nahe gelegenen St\u00e4dten wie Verona, Venedig oder Mantua, begleitet von erfahrenen F\u00fchrern.<br><br>Egal, ob Sie die Natur, gutes Essen oder Kunst lieben, Sie werden das perfekte Erlebnis finden, um Ihren Aufenthalt zu etwas Besonderem zu machen.\n<\/div><a class=\"bde-container-link-464-145 bde-container-link breakdance-link\" href=\"https:\/\/modfive.gardaway.it\/it\/categoria\/tour-esperienze\" target=\"_blank\" data-type=\"url\">\n  \n  \n\t\n\n\n\n<div class=\"bde-text-464-146 bde-text\">\nBuchen Sie Ihr Erlebnis\n<\/div><div class=\"bde-icon-464-147 bde-icon\">\n\n    \n            <div class=\"bde-icon-icon breakdance-icon-atom\" >\n    \n                    <svg xmlns=\"http:\/\/www.w3.org\/2000\/svg\" width=\"83\" height=\"18\" viewbox=\"0 0 83 18\" fill=\"none\">\r\n<path d=\"M0.904785 9L80.0364 9.00001\" stroke=\"#151011\" stroke-width=\"3\"\/>\r\n<path d=\"M82.4837 8.63098C79.9004 8.22309 74.7337 6.10203 74.7337 0.880981\" stroke=\"#151011\" stroke-width=\"3\"\/>\r\n<path d=\"M82.4837 9.36902C79.9004 9.77691 74.7337 11.898 74.7337 17.119\" stroke=\"#151011\" stroke-width=\"3\"\/>\r\n<\/svg>\n        \n        \n        \n            <\/div>\n    \n\n\n<\/div>\n\n<\/a>\n<\/div><div class=\"bde-column-464-127 bde-column\" data-entrance=\"slideUp\">\n  \n  \n\t\n\n\n\n\n<\/div><\/div><\/div>\n<\/section><section class=\"bde-section-464-128 bde-section\">\n  \n  \n\t\n\n\n\n<div class=\"section-container\"><div class=\"bde-logo-list-464-129 bde-logo-list gradient-overlay__both un-image-carousel-container\">\n\n  <div class=\"un-logo-bar__marquee-content carousel-type__infinite\">\n                            <div class=\"un-logo-bar__logo-wrapper\">\n          <img loading=\"lazy\" decoding=\"async\" class=\"breakdance-image-object\" src=\"https:\/\/gardarelais.demosmartsite.com\/wp-content\/uploads\/2025\/07\/explore.webp\" width=\"824\" height=\"82\" srcset=\"https:\/\/gardarelais.demosmartsite.com\/wp-content\/uploads\/2025\/07\/explore.webp 732w, https:\/\/gardarelais.demosmartsite.com\/wp-content\/uploads\/2025\/07\/explore-300x34.webp 300w, https:\/\/gardarelais.demosmartsite.com\/wp-content\/uploads\/2025\/07\/explore-18x2.webp 18w\" sizes=\"auto, (max-width: 824px) 100vw, 824px\">\n        <\/div>\n                                        <div class=\"un-logo-bar__logo-wrapper\">\n          <img loading=\"lazy\" decoding=\"async\" class=\"breakdance-image-object\" src=\"https:\/\/gardarelais.demosmartsite.com\/wp-content\/uploads\/2025\/07\/explore.webp\" width=\"824\" height=\"82\" srcset=\"https:\/\/gardarelais.demosmartsite.com\/wp-content\/uploads\/2025\/07\/explore.webp 732w, https:\/\/gardarelais.demosmartsite.com\/wp-content\/uploads\/2025\/07\/explore-300x34.webp 300w, https:\/\/gardarelais.demosmartsite.com\/wp-content\/uploads\/2025\/07\/explore-18x2.webp 18w\" sizes=\"auto, (max-width: 824px) 100vw, 824px\">\n        <\/div>\n                                        <div class=\"un-logo-bar__logo-wrapper\">\n          <img loading=\"lazy\" decoding=\"async\" class=\"breakdance-image-object\" src=\"https:\/\/gardarelais.demosmartsite.com\/wp-content\/uploads\/2025\/07\/explore.webp\" width=\"824\" height=\"82\" srcset=\"https:\/\/gardarelais.demosmartsite.com\/wp-content\/uploads\/2025\/07\/explore.webp 732w, https:\/\/gardarelais.demosmartsite.com\/wp-content\/uploads\/2025\/07\/explore-300x34.webp 300w, https:\/\/gardarelais.demosmartsite.com\/wp-content\/uploads\/2025\/07\/explore-18x2.webp 18w\" sizes=\"auto, (max-width: 824px) 100vw, 824px\">\n        <\/div>\n                                        <div class=\"un-logo-bar__logo-wrapper\">\n          <img loading=\"lazy\" decoding=\"async\" class=\"breakdance-image-object\" src=\"https:\/\/gardarelais.demosmartsite.com\/wp-content\/uploads\/2025\/07\/explore.webp\" width=\"824\" height=\"82\" srcset=\"https:\/\/gardarelais.demosmartsite.com\/wp-content\/uploads\/2025\/07\/explore.webp 732w, https:\/\/gardarelais.demosmartsite.com\/wp-content\/uploads\/2025\/07\/explore-300x34.webp 300w, https:\/\/gardarelais.demosmartsite.com\/wp-content\/uploads\/2025\/07\/explore-18x2.webp 18w\" sizes=\"auto, (max-width: 824px) 100vw, 824px\">\n        <\/div>\n                                        <div class=\"un-logo-bar__logo-wrapper\">\n          <img loading=\"lazy\" decoding=\"async\" class=\"breakdance-image-object\" src=\"https:\/\/gardarelais.demosmartsite.com\/wp-content\/uploads\/2025\/07\/explore.webp\" width=\"824\" height=\"82\" srcset=\"https:\/\/gardarelais.demosmartsite.com\/wp-content\/uploads\/2025\/07\/explore.webp 732w, https:\/\/gardarelais.demosmartsite.com\/wp-content\/uploads\/2025\/07\/explore-300x34.webp 300w, https:\/\/gardarelais.demosmartsite.com\/wp-content\/uploads\/2025\/07\/explore-18x2.webp 18w\" sizes=\"auto, (max-width: 824px) 100vw, 824px\">\n        <\/div>\n                                        <div class=\"un-logo-bar__logo-wrapper\">\n          <img loading=\"lazy\" decoding=\"async\" class=\"breakdance-image-object\" src=\"https:\/\/gardarelais.demosmartsite.com\/wp-content\/uploads\/2025\/07\/explore.webp\" width=\"824\" height=\"82\" srcset=\"https:\/\/gardarelais.demosmartsite.com\/wp-content\/uploads\/2025\/07\/explore.webp 732w, https:\/\/gardarelais.demosmartsite.com\/wp-content\/uploads\/2025\/07\/explore-300x34.webp 300w, https:\/\/gardarelais.demosmartsite.com\/wp-content\/uploads\/2025\/07\/explore-18x2.webp 18w\" sizes=\"auto, (max-width: 824px) 100vw, 824px\">\n        <\/div>\n                      <\/div>\n<\/div><\/div>\n<\/section><section class=\"bde-section-464-130 bde-section\">\n              \n  \n  \n\t\n\n  <div class=\"section-background-overlay\"><\/div>\n\n\n<div class=\"section-container\"><div class=\"bde-text-464-131 bde-text\">\nTESTIMONIALS\n<\/div><h2 class=\"bde-heading-464-132 bde-heading\">\nWas sagen sie \u00fcber uns?\n<\/h2><div class=\"bde-text-464-133 bde-text\">\nMit mehr als 2000 Bewertungen auf Booking.com mit einer Punktzahl von 8,9\/10 und mehr als 500 Bewertungen auf Google mit 4,5\/5 sind unsere Kunden unsere beste und aufrichtige Werbung.\n<\/div><div class=\"bde-div-464-150 bde-div\">\n  \n  \n\t\n\n\n\n<div class=\"bde-div-464-151 bde-div\">\n  \n  \n\t\n\n\n\n<div class=\"bde-star-rating-464-152 bde-star-rating\">\n\n\n\n  <div class='bde-star-rating__wrapper'>\n    <svg xmlns=\"http:\/\/www.w3.org\/2000\/svg\" ifill=\"currentColor\" d=\"icon-star-full\" viewbox=\"0 0 32 32\"><path d=\"M32 12.408l-11.056-1.607-4.944-10.018-4.944 10.018-11.056 1.607 8 7.798-1.889 11.011 9.889-5.199 9.889 5.199-1.889-11.011 8-7.798z\"><\/path><\/svg>\n    <svg xmlns=\"http:\/\/www.w3.org\/2000\/svg\" ifill=\"currentColor\" d=\"icon-star-full\" viewbox=\"0 0 32 32\"><path d=\"M32 12.408l-11.056-1.607-4.944-10.018-4.944 10.018-11.056 1.607 8 7.798-1.889 11.011 9.889-5.199 9.889 5.199-1.889-11.011 8-7.798z\"><\/path><\/svg>\n    <svg xmlns=\"http:\/\/www.w3.org\/2000\/svg\" ifill=\"currentColor\" d=\"icon-star-full\" viewbox=\"0 0 32 32\"><path d=\"M32 12.408l-11.056-1.607-4.944-10.018-4.944 10.018-11.056 1.607 8 7.798-1.889 11.011 9.889-5.199 9.889 5.199-1.889-11.011 8-7.798z\"><\/path><\/svg>\n    <svg xmlns=\"http:\/\/www.w3.org\/2000\/svg\" ifill=\"currentColor\" d=\"icon-star-full\" viewbox=\"0 0 32 32\"><path d=\"M32 12.408l-11.056-1.607-4.944-10.018-4.944 10.018-11.056 1.607 8 7.798-1.889 11.011 9.889-5.199 9.889 5.199-1.889-11.011 8-7.798z\"><\/path><\/svg>\n    <svg xmlns=\"http:\/\/www.w3.org\/2000\/svg\" ifill=\"currentColor\" d=\"icon-star-full\" viewbox=\"0 0 32 32\"><path d=\"M32 12.408l-11.056-1.607-4.944-10.018-4.944 10.018-11.056 1.607 8 7.798-1.889 11.011 9.889-5.199 9.889 5.199-1.889-11.011 8-7.798z\"><\/path><\/svg>\n  <\/div>\n\n\n\n<svg width=\"0\" height=\"0\">\n<lineargradient id=\"starhalf152\" x1=\"0\" x2=\"100%\" y1=\"0\" y2=\"0\">\n        <stop offset=\"0%\" stop-color=\"orange\"><\/stop>\n \t\t<stop offset=\"0%\" stop-color=\"lightgrey\"><\/stop>\n<\/lineargradient>\n<\/svg>\n\n<\/div><div class=\"bde-div-464-153 bde-div\">\n  \n  \n\t\n\n\n\n<img decoding=\"async\" class=\"bde-image2-464-154 bde-image2\" src=\"https:\/\/seashell-manatee-873310.hostingersite.com\/wp-content\/uploads\/2026\/01\/booking.webp\" loading=\"lazy\" srcset=\"https:\/\/seashell-manatee-873310.hostingersite.com\/wp-content\/uploads\/2026\/01\/booking.webp 250w, https:\/\/seashell-manatee-873310.hostingersite.com\/wp-content\/uploads\/2026\/01\/booking-12x12.webp 12w\" sizes=\"(max-width: 250px) 100vw, 250px\"><div class=\"bde-text-464-155 bde-text\">\n8.8\/10 bei Buchung\n<\/div>\n<\/div>\n<\/div><div class=\"bde-div-464-156 bde-div\">\n  \n  \n\t\n\n\n\n<img decoding=\"async\" class=\"bde-image2-464-157 bde-image2\" src=\"https:\/\/seashell-manatee-873310.hostingersite.com\/wp-content\/uploads\/2026\/01\/google.webp\" loading=\"lazy\" srcset=\"https:\/\/seashell-manatee-873310.hostingersite.com\/wp-content\/uploads\/2026\/01\/google.webp 100w, https:\/\/seashell-manatee-873310.hostingersite.com\/wp-content\/uploads\/2026\/01\/google-12x12.webp 12w\" sizes=\"(max-width: 100px) 100vw, 100px\"><div class=\"bde-text-464-158 bde-text\">\n4.5\/5 auf Google\n<\/div>\n<\/div><div class=\"bde-div-464-159 bde-div\">\n  \n  \n\t\n\n\n\n<img decoding=\"async\" class=\"bde-image2-464-160 bde-image2\" src=\"https:\/\/seashell-manatee-873310.hostingersite.com\/wp-content\/uploads\/2026\/01\/tripadvisor.webp\" loading=\"lazy\" srcset=\"https:\/\/seashell-manatee-873310.hostingersite.com\/wp-content\/uploads\/2026\/01\/tripadvisor.webp 200w, https:\/\/seashell-manatee-873310.hostingersite.com\/wp-content\/uploads\/2026\/01\/tripadvisor-150x150.webp 150w, https:\/\/seashell-manatee-873310.hostingersite.com\/wp-content\/uploads\/2026\/01\/tripadvisor-12x12.webp 12w\" sizes=\"(max-width: 200px) 100vw, 200px\"><div class=\"bde-text-464-161 bde-text\">\n4.3\/5 auf Tripadvisor\n<\/div>\n<\/div>\n<\/div><div class=\"bde-text-464-136 bde-text\">\n\"Das Hotel ist ruhig gelegen und nicht weit von den wichtigsten Sehensw\u00fcrdigkeiten entfernt. Wir fanden das Zimmer sauber, Betten und Kissen bequem. Reichhaltiges Fr\u00fchst\u00fcck mit glutenfreien Optionen. W\u00fcrde ich empfehlen!\"<br><br>- Liane\n<\/div><div class=\"bde-text-464-137 bde-text\">\n\"Moderne und sehr saubere Anlage. H\u00f6fliches Personal h\u00f6flich und sehr professionell Ausgezeichnetes Fr\u00fchst\u00fcck Sauberkeit und Ordnung herrschten in der gesamten Anlage vor\"<br><br>- Joseph\n<\/div><div class=\"bde-text-464-138 bde-text\">\n\"Wunderbares Hotel, es fehlt an nichts. Bequemes Bett, sauberes und ordentliches Zimmer, eigenes Bad mit gro\u00dfer Dusche und allem, was man braucht. Alles perfekt, auch das Fr\u00fchst\u00fcck, das abwechslungsreich und von ausgezeichneter Qualit\u00e4t ist. Wir haben nichts zu kritisieren, wir werden auf jeden Fall wiederkommen.<br><br>- Antonella\n<\/div><\/div>\n<\/section>","protected":false},"excerpt":{"rendered":"<p>* Attivit\u00e0 Tour guidati, parchi divertimento e noleggio: la migliore base per una visita alle attrazioni del basso Lago di Garda, in convenzione con GardaWay. GARDALAND, MOVIELAND PARK, CANEVAWORLD Visita i Parchi divertimento del basso Lago di Garda Il Mod 05 \u00e8 comodamente situato nel lago di Garda meridionale, a pochi minuti di guida dai [&hellip;]<\/p>","protected":false},"author":3,"featured_media":0,"parent":0,"menu_order":0,"comment_status":"closed","ping_status":"closed","template":"","meta":{"_breakdance_hide_in_design_set":false,"_breakdance_tags":"","footnotes":""},"class_list":["post-464","page","type-page","status-publish","hentry"],"_links":{"self":[{"href":"https:\/\/gardarelais.demosmartsite.com\/de\/wp-json\/wp\/v2\/pages\/464","targetHints":{"allow":["GET"]}}],"collection":[{"href":"https:\/\/gardarelais.demosmartsite.com\/de\/wp-json\/wp\/v2\/pages"}],"about":[{"href":"https:\/\/gardarelais.demosmartsite.com\/de\/wp-json\/wp\/v2\/types\/page"}],"author":[{"embeddable":true,"href":"https:\/\/gardarelais.demosmartsite.com\/de\/wp-json\/wp\/v2\/users\/3"}],"replies":[{"embeddable":true,"href":"https:\/\/gardarelais.demosmartsite.com\/de\/wp-json\/wp\/v2\/comments?post=464"}],"version-history":[{"count":24,"href":"https:\/\/gardarelais.demosmartsite.com\/de\/wp-json\/wp\/v2\/pages\/464\/revisions"}],"predecessor-version":[{"id":1241,"href":"https:\/\/gardarelais.demosmartsite.com\/de\/wp-json\/wp\/v2\/pages\/464\/revisions\/1241"}],"wp:attachment":[{"href":"https:\/\/gardarelais.demosmartsite.com\/de\/wp-json\/wp\/v2\/media?parent=464"}],"curies":[{"name":"wp","href":"https:\/\/api.w.org\/{rel}","templated":true}]}}