{"id":1085,"date":"2025-07-29T11:04:05","date_gmt":"2025-07-29T09:04:05","guid":{"rendered":"https:\/\/gardarelais.demosmartsite.com\/?page_id=1085"},"modified":"2025-07-29T12:46:27","modified_gmt":"2025-07-29T10:46:27","slug":"ein-angebot-anfordern","status":"publish","type":"page","link":"https:\/\/gardarelais.demosmartsite.com\/de\/ein-angebot-anfordern\/","title":{"rendered":"Angebot anfordern"},"content":{"rendered":"<section class=\"bde-section-1085-142 bde-section\">\n              \n  \n  \n\t\n\n  <div class=\"section-background-overlay\"><\/div>\n\n\n<div class=\"section-container\"><h1 class=\"bde-heading-1085-143 bde-heading\">\n* Angebot anfordern\n<\/h1><div class=\"bde-text-1085-130 bde-text\">\nF\u00fcr kundenspezifische Anfragen oder zus\u00e4tzliche Informationen z\u00f6gern Sie bitte nicht, ein Angebot anzufordern: Wir sind immer f\u00fcr Sie da.\n<\/div><div class=\"bde-text-1085-144 bde-text\">\n\n<\/div><\/div>\n<\/section><section class=\"bde-section-1085-103 bde-section\">\n  \n  \n\t\n\n\n\n<div class=\"section-container\"><div class=\"bde-columns-1085-158 bde-columns\"><div class=\"bde-column-1085-159 bde-column\">\n  \n  \n\t\n\n\n\n<h4 class=\"bde-heading-1085-161 bde-heading\">\nF\u00fcllen Sie das Formular aus und senden Sie Ihre Anfrage\n<\/h4><div class=\"bde-shortcode-1085-148 bde-shortcode\"><!-- Mr PRENO form -->\r\n<div id=\"mrp_form\" data-sid=\"3151\"><\/div>\r\n<script type=\"text\/javascript\">\r\n    if(typeof window.mrpFormInstances == 'undefined') window.mrpFormInstances = [];\r\n    var mrp_form = {\r\n        container: '#mrp_form',\r\n        structure_id: 9778,\r\n\t\tonSubmit:function(){\r\n\t\t\tdataLayer.push({ event: 'richiesta_preventivo' });\r\n\t\t\tconst sp = document.querySelector('smart-popup');\r\n\t\t\tif (sp){\r\n\t\t\t\tconst defaults = sp.getDefaultProps();\r\n\t\t\t\tdocument.querySelector('smart-tracking').track('submit_quote_request', defaults);\r\n\t\t\t}\r\n\t    }\r\n    };\r\n    window.mrpFormInstances.push(mrp_form);\r\n<\/script>\r\n\r\n<script type=\"text\/javascript\" src=\"https:\/\/forms.mrpreno.net\/assets\/formsV2\/dist\/form-widget.js\" async ><\/script>\r\n\r\n<!-- Mr PRENO end form --><\/div>\n<\/div><div class=\"bde-column-1085-160 bde-column\">\n  \n  \n\t\n\n\n\n\n<\/div><\/div><\/div>\n<\/section><section class=\"bde-section-1085-149 bde-section\">\n              \n  \n  \n\t\n\n  <div class=\"section-background-overlay\"><\/div>\n\n\n<div class=\"section-container\"><div class=\"bde-text-1085-150 bde-text\">\nTESTIMONIALS\n<\/div><h2 class=\"bde-heading-1085-151 bde-heading\">\nWas sagen sie \u00fcber uns?\n<\/h2><div class=\"bde-text-1085-152 bde-text\">\nMit mehr als 2000 Bewertungen auf Booking.com mit einer Punktzahl von 8,9\/10 und mehr als 500 Bewertungen auf Google mit 4,5\/5 sind unsere Kunden unsere beste und aufrichtige Werbung.\n<\/div><div class=\"bde-div-1085-153 bde-div\">\n  \n  \n\t\n\n\n\n<div class=\"bde-star-rating-1085-154 bde-star-rating\">\n\n\n\n  <div class='bde-star-rating__wrapper'>\n    <svg aria-hidden=\"true\" focusable=\"false\" data-prefix=\"fas\"  role=\"img\" xmlns=\"http:\/\/www.w3.org\/2000\/svg\" viewbox=\"0 0 576 512\" class=\"svg-inline--fa fa-star fa-w-18 fa-2x\"><path d=\"M259.3 17.8L194 150.2 47.9 171.5c-26.2 3.8-36.7 36.1-17.7 54.6l105.7 103-25 145.5c-4.5 26.3 23.2 46 46.4 33.7L288 439.6l130.7 68.7c23.2 12.2 50.9-7.4 46.4-33.7l-25-145.5 105.7-103c19-18.5 8.5-50.8-17.7-54.6L382 150.2 316.7 17.8c-11.7-23.6-45.6-23.9-57.4 0z\" class=\"\"><\/path><\/svg>\n    <svg aria-hidden=\"true\" focusable=\"false\" data-prefix=\"fas\"  role=\"img\" xmlns=\"http:\/\/www.w3.org\/2000\/svg\" viewbox=\"0 0 576 512\" class=\"svg-inline--fa fa-star fa-w-18 fa-2x\"><path d=\"M259.3 17.8L194 150.2 47.9 171.5c-26.2 3.8-36.7 36.1-17.7 54.6l105.7 103-25 145.5c-4.5 26.3 23.2 46 46.4 33.7L288 439.6l130.7 68.7c23.2 12.2 50.9-7.4 46.4-33.7l-25-145.5 105.7-103c19-18.5 8.5-50.8-17.7-54.6L382 150.2 316.7 17.8c-11.7-23.6-45.6-23.9-57.4 0z\" class=\"\"><\/path><\/svg>\n    <svg aria-hidden=\"true\" focusable=\"false\" data-prefix=\"fas\"  role=\"img\" xmlns=\"http:\/\/www.w3.org\/2000\/svg\" viewbox=\"0 0 576 512\" class=\"svg-inline--fa fa-star fa-w-18 fa-2x\"><path d=\"M259.3 17.8L194 150.2 47.9 171.5c-26.2 3.8-36.7 36.1-17.7 54.6l105.7 103-25 145.5c-4.5 26.3 23.2 46 46.4 33.7L288 439.6l130.7 68.7c23.2 12.2 50.9-7.4 46.4-33.7l-25-145.5 105.7-103c19-18.5 8.5-50.8-17.7-54.6L382 150.2 316.7 17.8c-11.7-23.6-45.6-23.9-57.4 0z\" class=\"\"><\/path><\/svg>\n    <svg aria-hidden=\"true\" focusable=\"false\" data-prefix=\"fas\"  role=\"img\" xmlns=\"http:\/\/www.w3.org\/2000\/svg\" viewbox=\"0 0 576 512\" class=\"svg-inline--fa fa-star fa-w-18 fa-2x\"><path d=\"M259.3 17.8L194 150.2 47.9 171.5c-26.2 3.8-36.7 36.1-17.7 54.6l105.7 103-25 145.5c-4.5 26.3 23.2 46 46.4 33.7L288 439.6l130.7 68.7c23.2 12.2 50.9-7.4 46.4-33.7l-25-145.5 105.7-103c19-18.5 8.5-50.8-17.7-54.6L382 150.2 316.7 17.8c-11.7-23.6-45.6-23.9-57.4 0z\" class=\"\"><\/path><\/svg>\n    <svg aria-hidden=\"true\" focusable=\"false\" data-prefix=\"fas\"  role=\"img\" xmlns=\"http:\/\/www.w3.org\/2000\/svg\" viewbox=\"0 0 576 512\" class=\"svg-inline--fa fa-star fa-w-18 fa-2x\"><path d=\"M259.3 17.8L194 150.2 47.9 171.5c-26.2 3.8-36.7 36.1-17.7 54.6l105.7 103-25 145.5c-4.5 26.3 23.2 46 46.4 33.7L288 439.6l130.7 68.7c23.2 12.2 50.9-7.4 46.4-33.7l-25-145.5 105.7-103c19-18.5 8.5-50.8-17.7-54.6L382 150.2 316.7 17.8c-11.7-23.6-45.6-23.9-57.4 0z\" class=\"\"><\/path><\/svg>\n  <\/div>\n\n\n\n<svg width=\"0\" height=\"0\">\n<lineargradient id=\"starhalf154\" x1=\"0\" x2=\"100%\" y1=\"0\" y2=\"0\">\n        <stop offset=\"0%\" stop-color=\"var(--bde-palette-color-1-330ede68-4b6c-4eb9-aa5c-073a7f4938c1)\"><\/stop>\n \t\t<stop offset=\"0%\" stop-color=\"lightgrey\"><\/stop>\n<\/lineargradient>\n<\/svg>\n\n<\/div>\n<\/div><div class=\"bde-text-1085-155 bde-text\">\n\"Das Hotel ist ruhig gelegen und nicht weit von den wichtigsten Sehensw\u00fcrdigkeiten entfernt. Wir fanden das Zimmer sauber, Betten und Kissen bequem. Reichhaltiges Fr\u00fchst\u00fcck mit glutenfreien Optionen. W\u00fcrde ich empfehlen!\"<br><br>- Liane\n<\/div><div class=\"bde-text-1085-156 bde-text\">\n\"Moderne und sehr saubere Anlage. H\u00f6fliches Personal h\u00f6flich und sehr professionell Ausgezeichnetes Fr\u00fchst\u00fcck Sauberkeit und Ordnung herrschten in der gesamten Anlage vor\"<br><br>- Joseph\n<\/div><div class=\"bde-text-1085-157 bde-text\">\n\"Wunderbares Hotel, es fehlt an nichts. Bequemes Bett, sauberes und ordentliches Zimmer, eigenes Bad mit gro\u00dfer Dusche und allem, was man braucht. Alles perfekt, auch das Fr\u00fchst\u00fcck, das abwechslungsreich und von ausgezeichneter Qualit\u00e4t ist. Wir haben nichts zu kritisieren, wir werden auf jeden Fall wiederkommen.<br><br>- Antonella\n<\/div><\/div>\n<\/section><section class=\"bde-section-1085-146 bde-section\">\n  \n  \n\t\n\n\n\n<div class=\"section-container\"><div class=\"bde-logo-list-1085-147 bde-logo-list gradient-overlay__both un-image-carousel-container\">\n\n  <div class=\"un-logo-bar__marquee-content carousel-type__infinite\">\n                            <div class=\"un-logo-bar__logo-wrapper\">\n          <img loading=\"lazy\" decoding=\"async\" class=\"breakdance-image-object\" src=\"https:\/\/gardarelais.demosmartsite.com\/wp-content\/uploads\/2025\/07\/explore.webp\" width=\"824\" height=\"82\" srcset=\"https:\/\/gardarelais.demosmartsite.com\/wp-content\/uploads\/2025\/07\/explore.webp 732w, https:\/\/gardarelais.demosmartsite.com\/wp-content\/uploads\/2025\/07\/explore-300x34.webp 300w, https:\/\/gardarelais.demosmartsite.com\/wp-content\/uploads\/2025\/07\/explore-18x2.webp 18w\" sizes=\"auto, (max-width: 824px) 100vw, 824px\">\n        <\/div>\n                                        <div class=\"un-logo-bar__logo-wrapper\">\n          <img loading=\"lazy\" decoding=\"async\" class=\"breakdance-image-object\" src=\"https:\/\/gardarelais.demosmartsite.com\/wp-content\/uploads\/2025\/07\/explore.webp\" width=\"824\" height=\"82\" srcset=\"https:\/\/gardarelais.demosmartsite.com\/wp-content\/uploads\/2025\/07\/explore.webp 732w, https:\/\/gardarelais.demosmartsite.com\/wp-content\/uploads\/2025\/07\/explore-300x34.webp 300w, https:\/\/gardarelais.demosmartsite.com\/wp-content\/uploads\/2025\/07\/explore-18x2.webp 18w\" sizes=\"auto, (max-width: 824px) 100vw, 824px\">\n        <\/div>\n                                        <div class=\"un-logo-bar__logo-wrapper\">\n          <img loading=\"lazy\" decoding=\"async\" class=\"breakdance-image-object\" src=\"https:\/\/gardarelais.demosmartsite.com\/wp-content\/uploads\/2025\/07\/explore.webp\" width=\"824\" height=\"82\" srcset=\"https:\/\/gardarelais.demosmartsite.com\/wp-content\/uploads\/2025\/07\/explore.webp 732w, https:\/\/gardarelais.demosmartsite.com\/wp-content\/uploads\/2025\/07\/explore-300x34.webp 300w, https:\/\/gardarelais.demosmartsite.com\/wp-content\/uploads\/2025\/07\/explore-18x2.webp 18w\" sizes=\"auto, (max-width: 824px) 100vw, 824px\">\n        <\/div>\n                                        <div class=\"un-logo-bar__logo-wrapper\">\n          <img loading=\"lazy\" decoding=\"async\" class=\"breakdance-image-object\" src=\"https:\/\/gardarelais.demosmartsite.com\/wp-content\/uploads\/2025\/07\/explore.webp\" width=\"824\" height=\"82\" srcset=\"https:\/\/gardarelais.demosmartsite.com\/wp-content\/uploads\/2025\/07\/explore.webp 732w, https:\/\/gardarelais.demosmartsite.com\/wp-content\/uploads\/2025\/07\/explore-300x34.webp 300w, https:\/\/gardarelais.demosmartsite.com\/wp-content\/uploads\/2025\/07\/explore-18x2.webp 18w\" sizes=\"auto, (max-width: 824px) 100vw, 824px\">\n        <\/div>\n                                        <div class=\"un-logo-bar__logo-wrapper\">\n          <img loading=\"lazy\" decoding=\"async\" class=\"breakdance-image-object\" src=\"https:\/\/gardarelais.demosmartsite.com\/wp-content\/uploads\/2025\/07\/explore.webp\" width=\"824\" height=\"82\" srcset=\"https:\/\/gardarelais.demosmartsite.com\/wp-content\/uploads\/2025\/07\/explore.webp 732w, https:\/\/gardarelais.demosmartsite.com\/wp-content\/uploads\/2025\/07\/explore-300x34.webp 300w, https:\/\/gardarelais.demosmartsite.com\/wp-content\/uploads\/2025\/07\/explore-18x2.webp 18w\" sizes=\"auto, (max-width: 824px) 100vw, 824px\">\n        <\/div>\n                                        <div class=\"un-logo-bar__logo-wrapper\">\n          <img loading=\"lazy\" decoding=\"async\" class=\"breakdance-image-object\" src=\"https:\/\/gardarelais.demosmartsite.com\/wp-content\/uploads\/2025\/07\/explore.webp\" width=\"824\" height=\"82\" srcset=\"https:\/\/gardarelais.demosmartsite.com\/wp-content\/uploads\/2025\/07\/explore.webp 732w, https:\/\/gardarelais.demosmartsite.com\/wp-content\/uploads\/2025\/07\/explore-300x34.webp 300w, https:\/\/gardarelais.demosmartsite.com\/wp-content\/uploads\/2025\/07\/explore-18x2.webp 18w\" sizes=\"auto, (max-width: 824px) 100vw, 824px\">\n        <\/div>\n                      <\/div>\n<\/div><\/div>\n<\/section><section class=\"bde-section-1085-133 bde-section\">\n  \n  \n\t\n\n\n\n<div class=\"section-container\"><div class=\"bde-google-map-1085-135 bde-google-map\">\r\n<iframe width=\"100%\" height=\"100%\" style=\"border:0\" loading=\"lazy\" title=\"Karte\" src=\"https:\/\/maps.google.com\/maps?q=Via+Modigliani%2C+5%2C+37014+Sandr%C3%A0+VR&t=m&z=13&output=embed&iwloc=near\" allowfullscreen><\/iframe>\n<\/div><\/div>\n<\/section>","protected":false},"excerpt":{"rendered":"<p>* Richiedi preventivo Per richieste su misura o informazioni aggiuntive, non esitare a chiederci un preventivo: siamo sempre disponibili ad aiutarti. Compila il form e invia la tua richiesta TESTIMONIALS Cosa dicono di noi? Con pi\u00f9 di 2000 recensioni su Booking.com con un risultato di 8.9\/10 e pi\u00f9 di 500 recensioni su Google con 4.5\/5 [&hellip;]<\/p>","protected":false},"author":1,"featured_media":0,"parent":0,"menu_order":0,"comment_status":"closed","ping_status":"closed","template":"","meta":{"_breakdance_hide_in_design_set":false,"_breakdance_tags":"","footnotes":""},"class_list":["post-1085","page","type-page","status-publish","hentry"],"_links":{"self":[{"href":"https:\/\/gardarelais.demosmartsite.com\/de\/wp-json\/wp\/v2\/pages\/1085","targetHints":{"allow":["GET"]}}],"collection":[{"href":"https:\/\/gardarelais.demosmartsite.com\/de\/wp-json\/wp\/v2\/pages"}],"about":[{"href":"https:\/\/gardarelais.demosmartsite.com\/de\/wp-json\/wp\/v2\/types\/page"}],"author":[{"embeddable":true,"href":"https:\/\/gardarelais.demosmartsite.com\/de\/wp-json\/wp\/v2\/users\/1"}],"replies":[{"embeddable":true,"href":"https:\/\/gardarelais.demosmartsite.com\/de\/wp-json\/wp\/v2\/comments?post=1085"}],"version-history":[{"count":13,"href":"https:\/\/gardarelais.demosmartsite.com\/de\/wp-json\/wp\/v2\/pages\/1085\/revisions"}],"predecessor-version":[{"id":1115,"href":"https:\/\/gardarelais.demosmartsite.com\/de\/wp-json\/wp\/v2\/pages\/1085\/revisions\/1115"}],"wp:attachment":[{"href":"https:\/\/gardarelais.demosmartsite.com\/de\/wp-json\/wp\/v2\/media?parent=1085"}],"curies":[{"name":"wp","href":"https:\/\/api.w.org\/{rel}","templated":true}]}}